{"id":16865,"date":"2025-05-21T11:53:53","date_gmt":"2025-05-21T09:53:53","guid":{"rendered":"https:\/\/thebestantique.com\/?post_type=product&#038;p=16865"},"modified":"2026-02-16T12:54:46","modified_gmt":"2026-02-16T10:54:46","slug":"antique-caucasian-bebut-dagger-late-19th-century-silver-niello-decoration","status":"publish","type":"product","link":"https:\/\/thebestantique.com\/et\/product\/antique-caucasian-bebut-dagger-late-19th-century-silver-niello-decoration\/","title":{"rendered":"19. sajandi l\u00f5pu Kaukaasia bebut-torkrelv &#8211; h\u00f5bedane niellodekor"},"content":{"rendered":"<p><\/p>\n<p class=\"ds-markdown-paragraph\">Haruldane 19. sajandi l\u00f5pu Kaukaasia bebut-torkrelv, valmistatud kohalike relvameistrite traditsioonide kohaselt. Tupp ja k\u00e4epide on rikkalikult kaunistatud h\u00f5bedase niellot\u00f6\u00f6ga, mis on iseloomulik Kaukaasia dekoorikunsti jaoks. Teras on sepistatud k\u00f5rgekvaliteedilisest terasest, n\u00e4idates piirkonna meistrite sepistamisoskust.<\/p>\n<p class=\"ds-markdown-paragraph\">V\u00e4\u00e4rtuslik eksponaat Kaukaasia k\u00fclmrelvade kollektsion\u00e4\u00e4ridele ja ajalooliste artefaktide huvilistele.<\/p>\n<p class=\"ds-markdown-paragraph\"><strong>Andmed:<\/strong><\/p>\n<ul>\n<li>\n<p class=\"ds-markdown-paragraph\">Materjalid: sepisteras, h\u00f5be, niello<\/p>\n<\/li>\n<li>\n<p class=\"ds-markdown-paragraph\">Kogupikkus: 37,5 cm<\/p>\n<\/li>\n<li>\n<p class=\"ds-markdown-paragraph\">Tera pikkus: 23,7 cm<\/p>\n<\/li>\n<li>\n<p class=\"ds-markdown-paragraph\">Tera laius: 3,3 cm<\/p>\n<\/li>\n<li>\n<p class=\"ds-markdown-paragraph\">Piirkond: L\u00f5una-Kaukaasia<\/p>\n<\/li>\n<li>\n<p class=\"ds-markdown-paragraph\">Ajastu: 19. sajandi l\u00f5pp<\/p>\n<\/li>\n<\/ul>\n<p><\/p>","protected":false},"excerpt":{"rendered":"<p>Haruldane 19. sajandi l\u00f5pu Kaukaasia bebut-torkrelv, valmistatud kohalike relvameistrite traditsioonide kohaselt. Tupp ja k\u00e4epide on rikkalikult kaunistatud h\u00f5bedase niellot\u00f6\u00f6ga, mis on iseloomulik Kaukaasia dekoorikunsti jaoks. Teras on sepistatud k\u00f5rgekvaliteedilisest terasest, n\u00e4idates piirkonna meistrite sepistamisoskust.<\/p>\n","protected":false},"featured_media":16867,"comment_status":"closed","ping_status":"closed","template":"","meta":{"_exactmetrics_skip_tracking":false,"_exactmetrics_sitenote_active":false,"_exactmetrics_sitenote_note":"","_exactmetrics_sitenote_category":0,"_uf_show_specific_survey":0,"_uf_disable_surveys":false},"product_brand":[],"product_cat":[421],"product_tag":[77,2147],"class_list":{"0":"post-16865","1":"product","2":"type-product","3":"status-publish","4":"has-post-thumbnail","6":"product_cat-sold-items","7":"product_tag-caucasian-kindjals","8":"product_tag-russian-bebut","9":"product_shipping_class-small-item-0-500-g","11":"first","12":"outofstock","13":"shipping-taxable","14":"purchasable","15":"product-type-simple"},"aioseo_notices":[],"_links":{"self":[{"href":"https:\/\/thebestantique.com\/et\/wp-json\/wp\/v2\/product\/16865","targetHints":{"allow":["GET"]}}],"collection":[{"href":"https:\/\/thebestantique.com\/et\/wp-json\/wp\/v2\/product"}],"about":[{"href":"https:\/\/thebestantique.com\/et\/wp-json\/wp\/v2\/types\/product"}],"replies":[{"embeddable":true,"href":"https:\/\/thebestantique.com\/et\/wp-json\/wp\/v2\/comments?post=16865"}],"wp:featuredmedia":[{"embeddable":true,"href":"https:\/\/thebestantique.com\/et\/wp-json\/wp\/v2\/media\/16867"}],"wp:attachment":[{"href":"https:\/\/thebestantique.com\/et\/wp-json\/wp\/v2\/media?parent=16865"}],"wp:term":[{"taxonomy":"product_brand","embeddable":true,"href":"https:\/\/thebestantique.com\/et\/wp-json\/wp\/v2\/product_brand?post=16865"},{"taxonomy":"product_cat","embeddable":true,"href":"https:\/\/thebestantique.com\/et\/wp-json\/wp\/v2\/product_cat?post=16865"},{"taxonomy":"product_tag","embeddable":true,"href":"https:\/\/thebestantique.com\/et\/wp-json\/wp\/v2\/product_tag?post=16865"}],"curies":[{"name":"wp","href":"https:\/\/api.w.org\/{rel}","templated":true}]}}