{"id":16853,"date":"2025-05-20T13:45:15","date_gmt":"2025-05-20T11:45:15","guid":{"rendered":"https:\/\/thebestantique.com\/?post_type=product&#038;p=16853"},"modified":"2025-07-28T13:53:21","modified_gmt":"2025-07-28T11:53:21","slug":"antique-romantic-era-dagger-exquisite-french-silver-plated-brass-hilt-with-mythological-motifs","status":"publish","type":"product","link":"https:\/\/thebestantique.com\/et\/product\/antique-romantic-era-dagger-exquisite-french-silver-plated-brass-hilt-with-mythological-motifs\/","title":{"rendered":"Romantismiaegne antikne pistoda \u2013 h\u00f5bedase kaunistusega messingist k\u00e4epide m\u00fc\u00fctoloogiliste motiividega"},"content":{"rendered":"<p><\/p>\n<p class=\"ds-markdown-paragraph\">See suur ja raske k\u00f5rgekvaliteediline pistoda, t\u00f5en\u00e4oliselt prantsuse p\u00e4ritoluga romantismiajastust, on kaunistatud h\u00f5bedatud messingist k\u00e4epidemega, millel on keerukad m\u00fc\u00fctoloogilised detailid. K\u00e4epide kujutab naist pistodaga, kelle juuksed ja jalad on maodesse m\u00e4ssitud, s\u00fcmboliseerides ohtu ja ahvatlust. Nikeldatud terasest tera on langeserva kujuga ja kolme sooniga m\u00f5lemal k\u00fcljel, mis parandavad tasakaalu. Vaatamata kergele pinnase korrosioonile on tera teritamata, s\u00e4ilitades originaalse tera.<\/p>\n<p class=\"ds-markdown-paragraph\">Pistodaga kaasneb must nahast tupega, millel on peenesti detailitud metallist lisandid. Alumine metallist ots on varustatud lisadekoratsioonide v\u00f5i l\u00f5petamata detailidega, mis annavad sellele unikaalse iseloomu.<\/p>\n<blockquote>\n<p class=\"ds-markdown-paragraph\"><strong>M\u00f5\u00f5tmed:<\/strong><\/p>\n<ul>\n<li>\n<p class=\"ds-markdown-paragraph\"><strong>Tera pikkus:<\/strong>\u00a019,5 cm (m\u00f5\u00f5detud nahast aluspadjast)<\/p>\n<\/li>\n<li>\n<p class=\"ds-markdown-paragraph\"><strong>Kogupikkus (tupes):<\/strong>\u00a032,5 cm<\/p>\n<\/li>\n<\/ul>\n<\/blockquote>\n<p><\/p>","protected":false},"excerpt":{"rendered":"<p>See suur ja raske k\u00f5rgekvaliteediline pistoda, t\u00f5en\u00e4oliselt prantsuse p\u00e4ritoluga romantismiajastust, on kaunistatud h\u00f5bedatud messingist k\u00e4epidemega, millel on keerukad m\u00fc\u00fctoloogilised detailid.<\/p>\n","protected":false},"featured_media":16855,"comment_status":"closed","ping_status":"closed","template":"","meta":{"_exactmetrics_skip_tracking":false,"_exactmetrics_sitenote_active":false,"_exactmetrics_sitenote_note":"","_exactmetrics_sitenote_category":0,"_uf_show_specific_survey":0,"_uf_disable_surveys":false},"product_brand":[],"product_cat":[421],"product_tag":[1160],"class_list":{"0":"post-16853","1":"product","2":"type-product","3":"status-publish","4":"has-post-thumbnail","6":"product_cat-sold-items","7":"product_tag-romantic-dagger","8":"product_shipping_class-small-item-0-500-g","10":"first","11":"outofstock","12":"shipping-taxable","13":"product-type-simple"},"aioseo_notices":[],"_links":{"self":[{"href":"https:\/\/thebestantique.com\/et\/wp-json\/wp\/v2\/product\/16853","targetHints":{"allow":["GET"]}}],"collection":[{"href":"https:\/\/thebestantique.com\/et\/wp-json\/wp\/v2\/product"}],"about":[{"href":"https:\/\/thebestantique.com\/et\/wp-json\/wp\/v2\/types\/product"}],"replies":[{"embeddable":true,"href":"https:\/\/thebestantique.com\/et\/wp-json\/wp\/v2\/comments?post=16853"}],"wp:featuredmedia":[{"embeddable":true,"href":"https:\/\/thebestantique.com\/et\/wp-json\/wp\/v2\/media\/16855"}],"wp:attachment":[{"href":"https:\/\/thebestantique.com\/et\/wp-json\/wp\/v2\/media?parent=16853"}],"wp:term":[{"taxonomy":"product_brand","embeddable":true,"href":"https:\/\/thebestantique.com\/et\/wp-json\/wp\/v2\/product_brand?post=16853"},{"taxonomy":"product_cat","embeddable":true,"href":"https:\/\/thebestantique.com\/et\/wp-json\/wp\/v2\/product_cat?post=16853"},{"taxonomy":"product_tag","embeddable":true,"href":"https:\/\/thebestantique.com\/et\/wp-json\/wp\/v2\/product_tag?post=16853"}],"curies":[{"name":"wp","href":"https:\/\/api.w.org\/{rel}","templated":true}]}}