{"id":16842,"date":"2025-05-20T13:07:03","date_gmt":"2025-05-20T11:07:03","guid":{"rendered":"https:\/\/thebestantique.com\/?post_type=product&#038;p=16842"},"modified":"2025-07-20T08:06:11","modified_gmt":"2025-07-20T06:06:11","slug":"imperial-russian-sword-m-1907-bebut-for-artillery-unitsunusual-hanger","status":"publish","type":"product","link":"https:\/\/thebestantique.com\/et\/product\/imperial-russian-sword-m-1907-bebut-for-artillery-unitsunusual-hanger\/","title":{"rendered":"Venemaa keisririigi Mudel 1907 a. m\u00f5\u00f5k &#8220;Bebut&#8221; suurt\u00fckiv\u00e4e\u00fcksustele (ebatavalised rihmad"},"content":{"rendered":"<p><\/p>\n<p class=\"ds-markdown-paragraph\">Venemaa keisririigi Mudel 1907 a. m\u00f5\u00f5k &#8220;Bebut&#8221; suurt\u00fckiv\u00e4e\u00fcksustele (ebatavalised rihmad), kuid laialdaselt kasutatud Esimeses maailmas\u00f5jas teiste \u00fcksuste poolt.<\/p>\n<p class=\"ds-markdown-paragraph\">Heas korras, v\u00e4ga hiline keisririigi-aegne ese, t\u00f5en\u00e4oliselt valmistatud p\u00e4rast revolutsiooni, kuid sellel on keiserlik kotka m\u00e4rgis ja pealdis \u2013 Zlatousti relvatehas, aasta 1913.<\/p>\n<blockquote>\n<p class=\"ds-markdown-paragraph\"><strong>M\u00f5\u00f5tmed:<\/strong><\/p>\n<ul>\n<li>\n<p class=\"ds-markdown-paragraph\">Kogupikkus: 64 cm<\/p>\n<\/li>\n<li>\n<p class=\"ds-markdown-paragraph\">Tera pikkus: 43,5 cm<\/p>\n<\/li>\n<li>\n<p class=\"ds-markdown-paragraph\">Teralaius: 3,7 cm<\/p>\n<\/li>\n<\/ul>\n<\/blockquote>\n<p><\/p>","protected":false},"excerpt":{"rendered":"<p>Venemaa keisririigi Mudel 1907 a. m\u00f5\u00f5k &#8220;Bebut&#8221; suurt\u00fckiv\u00e4e\u00fcksustele (ebatavalised rihmad), kuid laialdaselt kasutatud Esimeses maailmas\u00f5jas teiste \u00fcksuste poolt.<\/p>\n","protected":false},"featured_media":16844,"comment_status":"closed","ping_status":"closed","template":"","meta":{"_exactmetrics_skip_tracking":false,"_exactmetrics_sitenote_active":false,"_exactmetrics_sitenote_note":"","_exactmetrics_sitenote_category":0,"_uf_show_specific_survey":0,"_uf_disable_surveys":false},"product_brand":[],"product_cat":[421],"product_tag":[1658,2147],"class_list":{"0":"post-16842","1":"product","2":"type-product","3":"status-publish","4":"has-post-thumbnail","6":"product_cat-sold-items","7":"product_tag-m-1907-imperial-russian-sword-bebut","8":"product_tag-russian-bebut","9":"product_shipping_class-fedex-tube","11":"first","12":"outofstock","13":"shipping-taxable","14":"product-type-simple"},"aioseo_notices":[],"_links":{"self":[{"href":"https:\/\/thebestantique.com\/et\/wp-json\/wp\/v2\/product\/16842","targetHints":{"allow":["GET"]}}],"collection":[{"href":"https:\/\/thebestantique.com\/et\/wp-json\/wp\/v2\/product"}],"about":[{"href":"https:\/\/thebestantique.com\/et\/wp-json\/wp\/v2\/types\/product"}],"replies":[{"embeddable":true,"href":"https:\/\/thebestantique.com\/et\/wp-json\/wp\/v2\/comments?post=16842"}],"wp:featuredmedia":[{"embeddable":true,"href":"https:\/\/thebestantique.com\/et\/wp-json\/wp\/v2\/media\/16844"}],"wp:attachment":[{"href":"https:\/\/thebestantique.com\/et\/wp-json\/wp\/v2\/media?parent=16842"}],"wp:term":[{"taxonomy":"product_brand","embeddable":true,"href":"https:\/\/thebestantique.com\/et\/wp-json\/wp\/v2\/product_brand?post=16842"},{"taxonomy":"product_cat","embeddable":true,"href":"https:\/\/thebestantique.com\/et\/wp-json\/wp\/v2\/product_cat?post=16842"},{"taxonomy":"product_tag","embeddable":true,"href":"https:\/\/thebestantique.com\/et\/wp-json\/wp\/v2\/product_tag?post=16842"}],"curies":[{"name":"wp","href":"https:\/\/api.w.org\/{rel}","templated":true}]}}