{"id":16831,"date":"2025-05-09T11:16:35","date_gmt":"2025-05-09T09:16:35","guid":{"rendered":"https:\/\/thebestantique.com\/?post_type=product&#038;p=16831"},"modified":"2025-05-09T11:16:35","modified_gmt":"2025-05-09T09:16:35","slug":"emile-picault-bronze-fencer-sculpture-signed-72cm-allegorical-art-1863-1915","status":"publish","type":"product","link":"https:\/\/thebestantique.com\/et\/product\/emile-picault-bronze-fencer-sculpture-signed-72cm-allegorical-art-1863-1915\/","title":{"rendered":"\u00c9mile Picault Pronksvehkleja | Allkirjastatud 72cm Allegooriline Teos 1863-1915"},"content":{"rendered":"<p>Haruldane \u00c9mile Picault (1833-1915) &#8220;Vehkleja&#8221; pronksskulptuur, mille autor on tuntud \u00fcle 500 allegoorilise teose looja, esinenud Pariisi Salongis alates 1863. 72 cm k\u00f5rgune meistriteos n\u00e4itab Picault&#8217; iseloomulikku uusklassitsistlik-romantilist stiili duelisti poosi ja kost\u00fc\u00fcmi detailidega. Pruun patina, valukojam\u00e4rgid. Kunstniku teosed leiduvad Chamb\u00e9ry ja Clermont-Ferrandi muuseumites. Haruldane n\u00e4ide tema s\u00f5jalistel teemadel sariast.<\/p>\n<p>&nbsp;<\/p>\n<blockquote><p>K\u00f5rgus: 72 cm.<\/p><\/blockquote>\n<p><\/p>","protected":false},"excerpt":{"rendered":"<p>\u00c9mile Picault Pronksvehkleja | Allkirjastatud 72cm Allegooriline Teos 1863-1915<\/p>\n","protected":false},"featured_media":16833,"comment_status":"closed","ping_status":"closed","template":"","meta":{"_exactmetrics_skip_tracking":false,"_exactmetrics_sitenote_active":false,"_exactmetrics_sitenote_note":"","_exactmetrics_sitenote_category":0,"_uf_show_specific_survey":0,"_uf_disable_surveys":false},"product_brand":[],"product_cat":[12],"product_tag":[1807],"class_list":{"0":"post-16831","1":"product","2":"type-product","3":"status-publish","4":"has-post-thumbnail","6":"product_cat-bronze","7":"product_tag-emile-louis-picault","8":"product_shipping_class-big-item-1500-3000-g","10":"first","11":"instock","12":"shipping-taxable","13":"purchasable","14":"product-type-simple"},"aioseo_notices":[],"_links":{"self":[{"href":"https:\/\/thebestantique.com\/et\/wp-json\/wp\/v2\/product\/16831","targetHints":{"allow":["GET"]}}],"collection":[{"href":"https:\/\/thebestantique.com\/et\/wp-json\/wp\/v2\/product"}],"about":[{"href":"https:\/\/thebestantique.com\/et\/wp-json\/wp\/v2\/types\/product"}],"replies":[{"embeddable":true,"href":"https:\/\/thebestantique.com\/et\/wp-json\/wp\/v2\/comments?post=16831"}],"wp:featuredmedia":[{"embeddable":true,"href":"https:\/\/thebestantique.com\/et\/wp-json\/wp\/v2\/media\/16833"}],"wp:attachment":[{"href":"https:\/\/thebestantique.com\/et\/wp-json\/wp\/v2\/media?parent=16831"}],"wp:term":[{"taxonomy":"product_brand","embeddable":true,"href":"https:\/\/thebestantique.com\/et\/wp-json\/wp\/v2\/product_brand?post=16831"},{"taxonomy":"product_cat","embeddable":true,"href":"https:\/\/thebestantique.com\/et\/wp-json\/wp\/v2\/product_cat?post=16831"},{"taxonomy":"product_tag","embeddable":true,"href":"https:\/\/thebestantique.com\/et\/wp-json\/wp\/v2\/product_tag?post=16831"}],"curies":[{"name":"wp","href":"https:\/\/api.w.org\/{rel}","templated":true}]}}