{"id":16823,"date":"2025-05-09T09:56:02","date_gmt":"2025-05-09T07:56:02","guid":{"rendered":"https:\/\/thebestantique.com\/?post_type=product&#038;p=16823"},"modified":"2025-05-09T10:04:31","modified_gmt":"2025-05-09T08:04:31","slug":"exceptional-rare-bronze-sculpture-le-sommelier-by-emile-picault","status":"publish","type":"product","link":"https:\/\/thebestantique.com\/et\/product\/exceptional-rare-bronze-sculpture-le-sommelier-by-emile-picault\/","title":{"rendered":"Haruldane suur pronks kuju \u201cSommeljee\u201d autor Emile Picault"},"content":{"rendered":"<p>Erakordne haruldane suur pronksfiguur \u201cLE SOMMELIER\u201d, autor Emile Picault.<\/p>\n<p>\u00c9mile Louis Picault (24. august 1833 \u2013 1915) oli prantsuse skulptor, kes on tuntuim allegoorilisi ja patriootilisi teemasid ning m\u00fctoloogilisi kangelasi kujutavate teoste poolest. Picault oli v\u00e4ga viljakas kunstnik, kes tootis oma pika skulptuurikarj\u00e4\u00e4ri jooksul ohtralt skulptuure \u2013 kokku \u00fcle 500 modelli. Ta hakkas oma kunstit\u00f6id Salongis n\u00e4itama alates 1863. aastast.[1] Ta allkirjastas suurema osa oma t\u00f6\u00f6dest kui \u201cE. Picault\u201d.<\/p>\n<p>Picault t\u00f6id saab n\u00e4ha muuseumides j\u00e4rgmistes linnades:<\/p>\n<p>Chamb\u00e9ry (Le Semeur d\u2019id\u00e9es, 45 cm)<br \/>\nClermont-Ferrand (H\u00e9b\u00e9, 93 cm)<br \/>\nMaubeuge (Le devoir, Honor Patria, 45 cm)<br \/>\nTroyes (La famille, joies et peines)<\/p>\n<blockquote><p>M\u00f5\u00f5dud: 70 cm. K\u00f5rgus<\/p><\/blockquote>\n<p><\/p>","protected":false},"excerpt":{"rendered":"<p>Haruldane suur pronks kuju \u201cSommeljee\u201d. Skulptor: \u00c9mile Louis Picault (24 August 1833 \u2013 1915).<\/p>\n","protected":false},"featured_media":16824,"comment_status":"closed","ping_status":"closed","template":"","meta":{"_exactmetrics_skip_tracking":false,"_exactmetrics_sitenote_active":false,"_exactmetrics_sitenote_note":"","_exactmetrics_sitenote_category":0,"_uf_show_specific_survey":0,"_uf_disable_surveys":false},"product_brand":[],"product_cat":[12],"product_tag":[1807,1584,1585,1583,1274],"class_list":{"0":"post-16823","1":"product","2":"type-product","3":"status-publish","4":"has-post-thumbnail","6":"product_cat-bronze","7":"product_tag-emile-louis-picault","8":"product_tag-haruldane-pronks-kuju-sommeljee","9":"product_tag-hiigelsuur","10":"product_tag-1583","11":"product_tag-1833-1915-","12":"product_shipping_class-huge-3000-10000gr","14":"first","15":"instock","16":"sold-individually","17":"shipping-taxable","18":"purchasable","19":"product-type-simple"},"aioseo_notices":[],"_links":{"self":[{"href":"https:\/\/thebestantique.com\/et\/wp-json\/wp\/v2\/product\/16823","targetHints":{"allow":["GET"]}}],"collection":[{"href":"https:\/\/thebestantique.com\/et\/wp-json\/wp\/v2\/product"}],"about":[{"href":"https:\/\/thebestantique.com\/et\/wp-json\/wp\/v2\/types\/product"}],"replies":[{"embeddable":true,"href":"https:\/\/thebestantique.com\/et\/wp-json\/wp\/v2\/comments?post=16823"}],"wp:featuredmedia":[{"embeddable":true,"href":"https:\/\/thebestantique.com\/et\/wp-json\/wp\/v2\/media\/16824"}],"wp:attachment":[{"href":"https:\/\/thebestantique.com\/et\/wp-json\/wp\/v2\/media?parent=16823"}],"wp:term":[{"taxonomy":"product_brand","embeddable":true,"href":"https:\/\/thebestantique.com\/et\/wp-json\/wp\/v2\/product_brand?post=16823"},{"taxonomy":"product_cat","embeddable":true,"href":"https:\/\/thebestantique.com\/et\/wp-json\/wp\/v2\/product_cat?post=16823"},{"taxonomy":"product_tag","embeddable":true,"href":"https:\/\/thebestantique.com\/et\/wp-json\/wp\/v2\/product_tag?post=16823"}],"curies":[{"name":"wp","href":"https:\/\/api.w.org\/{rel}","templated":true}]}}