{"id":16806,"date":"2025-05-08T15:44:33","date_gmt":"2025-05-08T13:44:33","guid":{"rendered":"https:\/\/thebestantique.com\/?post_type=product&#038;p=16806"},"modified":"2025-06-17T14:02:04","modified_gmt":"2025-06-17T12:02:04","slug":"an-art-deco-sculpture-featuring-patinated-spelter-horses-on-a-stunning-marble-base","status":"publish","type":"product","link":"https:\/\/thebestantique.com\/et\/product\/an-art-deco-sculpture-featuring-patinated-spelter-horses-on-a-stunning-marble-base\/","title":{"rendered":"Art Deco stiilis patineeritud spleterist hobused suurep\u00e4rasel marmoralusel"},"content":{"rendered":"<p><em>Art Deco stiilis patineeritud spleterist hobused suurep\u00e4rasel marmoralusel. <\/em><\/p>\n<p><em>Teos on heas originaalseisukorras, hoolikalt detailne. <\/em><em>Alusel on v\u00e4ikesed praod, mis on fotodel n\u00e4ha. <\/em><\/p>\n<p><em>Alusele on signeeritud: &#8216;Gonez&#8217;?. <\/em><\/p>\n<blockquote><p><em>M\u00f5\u00f5tmed: 43 \u00d7 70 \u00d7 16,4 cm.<\/em><\/p><\/blockquote>\n<p><\/p>","protected":false},"excerpt":{"rendered":"<p><em>Art Deco stiilis patineeritud spleterist hobused suurep\u00e4rasel marmoralusel.<\/em><\/p>\n","protected":false},"featured_media":16808,"comment_status":"closed","ping_status":"closed","template":"","meta":{"_exactmetrics_skip_tracking":false,"_exactmetrics_sitenote_active":false,"_exactmetrics_sitenote_note":"","_exactmetrics_sitenote_category":0,"_uf_show_specific_survey":0,"_uf_disable_surveys":false},"product_brand":[],"product_cat":[421],"product_tag":[],"class_list":{"0":"post-16806","1":"product","2":"type-product","3":"status-publish","4":"has-post-thumbnail","6":"product_cat-sold-items","7":"product_shipping_class-huge-3000-10000gr","9":"first","10":"outofstock","11":"shipping-taxable","12":"product-type-simple"},"aioseo_notices":[],"_links":{"self":[{"href":"https:\/\/thebestantique.com\/et\/wp-json\/wp\/v2\/product\/16806","targetHints":{"allow":["GET"]}}],"collection":[{"href":"https:\/\/thebestantique.com\/et\/wp-json\/wp\/v2\/product"}],"about":[{"href":"https:\/\/thebestantique.com\/et\/wp-json\/wp\/v2\/types\/product"}],"replies":[{"embeddable":true,"href":"https:\/\/thebestantique.com\/et\/wp-json\/wp\/v2\/comments?post=16806"}],"wp:featuredmedia":[{"embeddable":true,"href":"https:\/\/thebestantique.com\/et\/wp-json\/wp\/v2\/media\/16808"}],"wp:attachment":[{"href":"https:\/\/thebestantique.com\/et\/wp-json\/wp\/v2\/media?parent=16806"}],"wp:term":[{"taxonomy":"product_brand","embeddable":true,"href":"https:\/\/thebestantique.com\/et\/wp-json\/wp\/v2\/product_brand?post=16806"},{"taxonomy":"product_cat","embeddable":true,"href":"https:\/\/thebestantique.com\/et\/wp-json\/wp\/v2\/product_cat?post=16806"},{"taxonomy":"product_tag","embeddable":true,"href":"https:\/\/thebestantique.com\/et\/wp-json\/wp\/v2\/product_tag?post=16806"}],"curies":[{"name":"wp","href":"https:\/\/api.w.org\/{rel}","templated":true}]}}