{"id":16797,"date":"2025-05-08T14:38:46","date_gmt":"2025-05-08T12:38:46","guid":{"rendered":"https:\/\/thebestantique.com\/?post_type=product&#038;p=16797"},"modified":"2025-05-08T14:39:44","modified_gmt":"2025-05-08T12:39:44","slug":"vintage-marine-chronometer-gub-glashutte-no-8938-german-nautical-brass-clock-in-wood-box","status":"publish","type":"product","link":"https:\/\/thebestantique.com\/et\/product\/vintage-marine-chronometer-gub-glashutte-no-8938-german-nautical-brass-clock-in-wood-box\/","title":{"rendered":"Antiikne mereline kronomeeter GUB Glash\u00fctte nr 8938 puidust kastis"},"content":{"rendered":"<p>See haruldane antiikne mereline kronomeeter on valmistatud tuntud Saksa tootja <strong data-start=\"940\" data-end=\"972\">GUB Glash\u00fctter Uhrenbetriebe<\/strong> poolt, seerianumber <strong data-start=\"993\" data-end=\"1001\">8938<\/strong>. Kronomeeter asub messingist kestas, mis on kinnitatud kardaanraami k\u00fclge, ning on esialgses rohelise vildiga vooderdatud puidust kastis. Kellal on rooma numbritega sihverplaat, j\u00f5uvaru n\u00e4idik ja v\u00e4ike sekundin\u00e4idik \u2014 ideaalne t\u00e4psuse s\u00fcmbol merenduses. Suurep\u00e4rane leid kollektsion\u00e4\u00e4rile v\u00f5i merendushuvilisele.<\/p>","protected":false},"excerpt":{"rendered":"<p>Antiikne mereline kronomeeter GUB Glash\u00fctte nr 8938 puidust kastis<\/p>\n","protected":false},"featured_media":16799,"comment_status":"closed","ping_status":"closed","template":"","meta":{"_exactmetrics_skip_tracking":false,"_exactmetrics_sitenote_active":false,"_exactmetrics_sitenote_note":"","_exactmetrics_sitenote_category":0,"_uf_show_specific_survey":0,"_uf_disable_surveys":false},"product_brand":[],"product_cat":[179,206],"product_tag":[2146],"class_list":{"0":"post-16797","1":"product","2":"type-product","3":"status-publish","4":"has-post-thumbnail","6":"product_cat-clocks-and-watches","7":"product_cat-desk-clocks","8":"product_tag-gub-glashutte","9":"product_shipping_class-bronze-fedex","11":"first","12":"instock","13":"shipping-taxable","14":"purchasable","15":"product-type-simple"},"aioseo_notices":[],"_links":{"self":[{"href":"https:\/\/thebestantique.com\/et\/wp-json\/wp\/v2\/product\/16797","targetHints":{"allow":["GET"]}}],"collection":[{"href":"https:\/\/thebestantique.com\/et\/wp-json\/wp\/v2\/product"}],"about":[{"href":"https:\/\/thebestantique.com\/et\/wp-json\/wp\/v2\/types\/product"}],"replies":[{"embeddable":true,"href":"https:\/\/thebestantique.com\/et\/wp-json\/wp\/v2\/comments?post=16797"}],"wp:featuredmedia":[{"embeddable":true,"href":"https:\/\/thebestantique.com\/et\/wp-json\/wp\/v2\/media\/16799"}],"wp:attachment":[{"href":"https:\/\/thebestantique.com\/et\/wp-json\/wp\/v2\/media?parent=16797"}],"wp:term":[{"taxonomy":"product_brand","embeddable":true,"href":"https:\/\/thebestantique.com\/et\/wp-json\/wp\/v2\/product_brand?post=16797"},{"taxonomy":"product_cat","embeddable":true,"href":"https:\/\/thebestantique.com\/et\/wp-json\/wp\/v2\/product_cat?post=16797"},{"taxonomy":"product_tag","embeddable":true,"href":"https:\/\/thebestantique.com\/et\/wp-json\/wp\/v2\/product_tag?post=16797"}],"curies":[{"name":"wp","href":"https:\/\/api.w.org\/{rel}","templated":true}]}}