{"id":16783,"date":"2025-04-22T10:23:44","date_gmt":"2025-04-22T08:23:44","guid":{"rendered":"https:\/\/thebestantique.com\/?post_type=product&#038;p=16783"},"modified":"2025-04-22T10:23:44","modified_gmt":"2025-04-22T08:23:44","slug":"a-small-silver-napkin-ring-latvia","status":"publish","type":"product","link":"https:\/\/thebestantique.com\/et\/product\/a-small-silver-napkin-ring-latvia\/","title":{"rendered":"V\u00e4ike h\u00f5be salvr\u00e4tiku r\u00f5ngas"},"content":{"rendered":"<p><\/p>\n<p class=\"\" data-start=\"0\" data-end=\"120\">V\u00e4ike h\u00f5be salvr\u00e4tiku r\u00f5ngas. M\u00e4rgis \u201cSL\u201d, 84 proov. L\u00e4ti, 1919\u20131940.<\/p>\n<blockquote>\n<p class=\"\" data-start=\"0\" data-end=\"120\">Kaal: 13,5 g<br data-start=\"84\" data-end=\"87\" \/>K\u00f5rgus: 2,6 cm<br data-start=\"101\" data-end=\"104\" \/>L\u00e4bim\u00f5\u00f5t: 3,5 cm<\/p>\n<\/blockquote>\n<p><\/p>","protected":false},"excerpt":{"rendered":"<p>V\u00e4ike h\u00f5be salvr\u00e4tiku r\u00f5ngas<\/p>\n","protected":false},"featured_media":16768,"comment_status":"closed","ping_status":"closed","template":"","meta":{"_exactmetrics_skip_tracking":false,"_exactmetrics_sitenote_active":false,"_exactmetrics_sitenote_note":"","_exactmetrics_sitenote_category":0,"_uf_show_specific_survey":0,"_uf_disable_surveys":false},"product_brand":[],"product_cat":[221,6],"product_tag":[2143,2144],"class_list":{"0":"post-16783","1":"product","2":"type-product","3":"status-publish","4":"has-post-thumbnail","6":"product_cat-flatware-and-serving-pieces","7":"product_cat-silver","8":"product_tag-vaike-hobe-salvratiku-rongas","9":"product_tag-2144","10":"product_shipping_class-small-item-0-500-g","12":"first","13":"instock","14":"shipping-taxable","15":"purchasable","16":"product-type-simple"},"aioseo_notices":[],"_links":{"self":[{"href":"https:\/\/thebestantique.com\/et\/wp-json\/wp\/v2\/product\/16783","targetHints":{"allow":["GET"]}}],"collection":[{"href":"https:\/\/thebestantique.com\/et\/wp-json\/wp\/v2\/product"}],"about":[{"href":"https:\/\/thebestantique.com\/et\/wp-json\/wp\/v2\/types\/product"}],"replies":[{"embeddable":true,"href":"https:\/\/thebestantique.com\/et\/wp-json\/wp\/v2\/comments?post=16783"}],"wp:featuredmedia":[{"embeddable":true,"href":"https:\/\/thebestantique.com\/et\/wp-json\/wp\/v2\/media\/16768"}],"wp:attachment":[{"href":"https:\/\/thebestantique.com\/et\/wp-json\/wp\/v2\/media?parent=16783"}],"wp:term":[{"taxonomy":"product_brand","embeddable":true,"href":"https:\/\/thebestantique.com\/et\/wp-json\/wp\/v2\/product_brand?post=16783"},{"taxonomy":"product_cat","embeddable":true,"href":"https:\/\/thebestantique.com\/et\/wp-json\/wp\/v2\/product_cat?post=16783"},{"taxonomy":"product_tag","embeddable":true,"href":"https:\/\/thebestantique.com\/et\/wp-json\/wp\/v2\/product_tag?post=16783"}],"curies":[{"name":"wp","href":"https:\/\/api.w.org\/{rel}","templated":true}]}}