{"id":16781,"date":"2025-04-22T10:11:25","date_gmt":"2025-04-22T08:11:25","guid":{"rendered":"https:\/\/thebestantique.com\/?post_type=product&#038;p=16781"},"modified":"2025-04-22T10:11:25","modified_gmt":"2025-04-22T08:11:25","slug":"a-pair-of-small-elegant-silver-shot-glasses","status":"publish","type":"product","link":"https:\/\/thebestantique.com\/et\/product\/a-pair-of-small-elegant-silver-shot-glasses\/","title":{"rendered":"Kaks elegantset h\u00f5bedast viinapitsi"},"content":{"rendered":"<p>Kaks v\u00e4ikest ja elegantset h\u00f5bedast viinapitsi. H\u00f5be, 84 proov.<\/p>\n<blockquote><p>Kogukaal: 52 g<br data-start=\"85\" data-end=\"88\" \/>K\u00f5rgus: 8,1 cm ja 7,7 cm<\/p><\/blockquote>\n<p><\/p>","protected":false},"excerpt":{"rendered":"<p>Kaks elegantset h\u00f5bedast viinapitsi<\/p>\n","protected":false},"featured_media":16758,"comment_status":"closed","ping_status":"closed","template":"","meta":{"_exactmetrics_skip_tracking":false,"_exactmetrics_sitenote_active":false,"_exactmetrics_sitenote_note":"","_exactmetrics_sitenote_category":0,"_uf_show_specific_survey":0,"_uf_disable_surveys":false},"product_brand":[],"product_cat":[221,6],"product_tag":[],"class_list":{"0":"post-16781","1":"product","2":"type-product","3":"status-publish","4":"has-post-thumbnail","6":"product_cat-flatware-and-serving-pieces","7":"product_cat-silver","8":"product_shipping_class-small-item-0-500-g","10":"first","11":"instock","12":"shipping-taxable","13":"purchasable","14":"product-type-simple"},"aioseo_notices":[],"_links":{"self":[{"href":"https:\/\/thebestantique.com\/et\/wp-json\/wp\/v2\/product\/16781","targetHints":{"allow":["GET"]}}],"collection":[{"href":"https:\/\/thebestantique.com\/et\/wp-json\/wp\/v2\/product"}],"about":[{"href":"https:\/\/thebestantique.com\/et\/wp-json\/wp\/v2\/types\/product"}],"replies":[{"embeddable":true,"href":"https:\/\/thebestantique.com\/et\/wp-json\/wp\/v2\/comments?post=16781"}],"wp:featuredmedia":[{"embeddable":true,"href":"https:\/\/thebestantique.com\/et\/wp-json\/wp\/v2\/media\/16758"}],"wp:attachment":[{"href":"https:\/\/thebestantique.com\/et\/wp-json\/wp\/v2\/media?parent=16781"}],"wp:term":[{"taxonomy":"product_brand","embeddable":true,"href":"https:\/\/thebestantique.com\/et\/wp-json\/wp\/v2\/product_brand?post=16781"},{"taxonomy":"product_cat","embeddable":true,"href":"https:\/\/thebestantique.com\/et\/wp-json\/wp\/v2\/product_cat?post=16781"},{"taxonomy":"product_tag","embeddable":true,"href":"https:\/\/thebestantique.com\/et\/wp-json\/wp\/v2\/product_tag?post=16781"}],"curies":[{"name":"wp","href":"https:\/\/api.w.org\/{rel}","templated":true}]}}