{"id":16733,"date":"2025-04-22T09:15:28","date_gmt":"2025-04-22T07:15:28","guid":{"rendered":"https:\/\/thebestantique.com\/?post_type=product&#038;p=16733"},"modified":"2025-04-22T09:18:32","modified_gmt":"2025-04-22T07:18:32","slug":"a-russian-silver-shot-beaker-vasiliy-tarasov","status":"publish","type":"product","link":"https:\/\/thebestantique.com\/et\/product\/a-russian-silver-shot-beaker-vasiliy-tarasov\/","title":{"rendered":"Vene h\u00f5be joogitopka"},"content":{"rendered":"<p><\/p>\n<p class=\"\" data-start=\"0\" data-end=\"139\">Vene h\u00f5be viinapits, millel on graveeritud vanas\u00f5na \u00fcmber. Meister: Vassili Tarasov. Moskva, 1889. a.<br data-start=\"107\" data-end=\"110\" \/><br \/>\nK\u00f5rgus: 6,5 cm<br data-start=\"124\" data-end=\"127\" \/>Kaal: 53 g<\/p>\n<p><\/p>","protected":false},"excerpt":{"rendered":"<p class=\"qtranxs-available-languages-message qtranxs-available-languages-message-et\">Vabandame, see kanne on saadaval ainult %LANG : ja %.<\/p>\n","protected":false},"featured_media":16742,"comment_status":"closed","ping_status":"closed","template":"","meta":{"_exactmetrics_skip_tracking":false,"_exactmetrics_sitenote_active":false,"_exactmetrics_sitenote_note":"","_exactmetrics_sitenote_category":0,"_uf_show_specific_survey":0,"_uf_disable_surveys":false},"product_brand":[],"product_cat":[220,6],"product_tag":[],"class_list":{"0":"post-16733","1":"product","2":"type-product","3":"status-publish","4":"has-post-thumbnail","6":"product_cat-russian-silver","7":"product_cat-silver","8":"product_shipping_class-small-item-0-500-g","10":"first","11":"instock","12":"shipping-taxable","13":"purchasable","14":"product-type-simple"},"aioseo_notices":[],"_links":{"self":[{"href":"https:\/\/thebestantique.com\/et\/wp-json\/wp\/v2\/product\/16733","targetHints":{"allow":["GET"]}}],"collection":[{"href":"https:\/\/thebestantique.com\/et\/wp-json\/wp\/v2\/product"}],"about":[{"href":"https:\/\/thebestantique.com\/et\/wp-json\/wp\/v2\/types\/product"}],"replies":[{"embeddable":true,"href":"https:\/\/thebestantique.com\/et\/wp-json\/wp\/v2\/comments?post=16733"}],"wp:featuredmedia":[{"embeddable":true,"href":"https:\/\/thebestantique.com\/et\/wp-json\/wp\/v2\/media\/16742"}],"wp:attachment":[{"href":"https:\/\/thebestantique.com\/et\/wp-json\/wp\/v2\/media?parent=16733"}],"wp:term":[{"taxonomy":"product_brand","embeddable":true,"href":"https:\/\/thebestantique.com\/et\/wp-json\/wp\/v2\/product_brand?post=16733"},{"taxonomy":"product_cat","embeddable":true,"href":"https:\/\/thebestantique.com\/et\/wp-json\/wp\/v2\/product_cat?post=16733"},{"taxonomy":"product_tag","embeddable":true,"href":"https:\/\/thebestantique.com\/et\/wp-json\/wp\/v2\/product_tag?post=16733"}],"curies":[{"name":"wp","href":"https:\/\/api.w.org\/{rel}","templated":true}]}}