{"id":16714,"date":"2025-04-17T11:22:08","date_gmt":"2025-04-17T09:22:08","guid":{"rendered":"https:\/\/thebestantique.com\/?post_type=product&#038;p=16714"},"modified":"2025-07-19T11:45:59","modified_gmt":"2025-07-19T09:45:59","slug":"a-sculpture-kyrgyz-on-horseback-ural-kusinsky-ironworks-modeled-by-a-l-ober-after-1896","status":"publish","type":"product","link":"https:\/\/thebestantique.com\/et\/product\/a-sculpture-kyrgyz-on-horseback-ural-kusinsky-ironworks-modeled-by-a-l-ober-after-1896\/","title":{"rendered":"Skulptuur &#8220;K\u00f5rgiisid hobuse seljas&#8221;. Ural, Kusinski Rauatehas, modelleeritud AL Ober, 1896. aasta j\u00e4rgi."},"content":{"rendered":"<p>Malmist skulptuur Kirgiisist hobuse seljas, 20. sajandi algus, Kusa, Venemaa. Allakirjutanud V. Torohin. Vassili Fedorovit\u0161 Torokin, s\u00fcndinud Jekaterinburgi rajoonis Kaslinskis, t\u00f6\u00f6tas Kusinski rauatehases aastast 1859. Alustades liiva ettevalmistust\u00f6\u00f6lisena, j\u00f5udis ta vormimeistriks ja skulptoriks. Ise\u00f5ppinud kunstnikuna \u00f5ppis ta skulptuuri MD Kanajevi ja NR Bakhi k\u00e4e all. Torokin l\u00f5i mudeleid, mis on inspireeritud skulptoritest nagu PK Klodt ja NI Liberikh, ning t\u00f6\u00f6tas v\u00e4lja originaalsed rauavalu kujundused.<\/p>\n<p>&nbsp;<\/p>\n<blockquote><p>M\u00f5\u00f5dud: 21 x 18,7 x 9,5 cm.<\/p><\/blockquote>\n<p><\/p>","protected":false},"excerpt":{"rendered":"<p>Malmist skulptuur Kirgiisist hobuse seljas, 20. sajandi algus, Kusa, Venemaa.<\/p>\n","protected":false},"featured_media":16716,"comment_status":"closed","ping_status":"closed","template":"","meta":{"_exactmetrics_skip_tracking":false,"_exactmetrics_sitenote_active":false,"_exactmetrics_sitenote_note":"","_exactmetrics_sitenote_category":0,"_uf_show_specific_survey":0,"_uf_disable_surveys":false},"product_brand":[],"product_cat":[421],"product_tag":[2139,2140],"class_list":{"0":"post-16714","1":"product","2":"type-product","3":"status-publish","4":"has-post-thumbnail","6":"product_cat-sold-items","7":"product_tag-kasli","8":"product_tag-vasily-fedorovich-torokin","9":"product_shipping_class-average-item-500-1500-g","11":"first","12":"outofstock","13":"shipping-taxable","14":"product-type-simple"},"aioseo_notices":[],"_links":{"self":[{"href":"https:\/\/thebestantique.com\/et\/wp-json\/wp\/v2\/product\/16714","targetHints":{"allow":["GET"]}}],"collection":[{"href":"https:\/\/thebestantique.com\/et\/wp-json\/wp\/v2\/product"}],"about":[{"href":"https:\/\/thebestantique.com\/et\/wp-json\/wp\/v2\/types\/product"}],"replies":[{"embeddable":true,"href":"https:\/\/thebestantique.com\/et\/wp-json\/wp\/v2\/comments?post=16714"}],"wp:featuredmedia":[{"embeddable":true,"href":"https:\/\/thebestantique.com\/et\/wp-json\/wp\/v2\/media\/16716"}],"wp:attachment":[{"href":"https:\/\/thebestantique.com\/et\/wp-json\/wp\/v2\/media?parent=16714"}],"wp:term":[{"taxonomy":"product_brand","embeddable":true,"href":"https:\/\/thebestantique.com\/et\/wp-json\/wp\/v2\/product_brand?post=16714"},{"taxonomy":"product_cat","embeddable":true,"href":"https:\/\/thebestantique.com\/et\/wp-json\/wp\/v2\/product_cat?post=16714"},{"taxonomy":"product_tag","embeddable":true,"href":"https:\/\/thebestantique.com\/et\/wp-json\/wp\/v2\/product_tag?post=16714"}],"curies":[{"name":"wp","href":"https:\/\/api.w.org\/{rel}","templated":true}]}}