{"id":16678,"date":"2025-04-11T12:49:10","date_gmt":"2025-04-11T10:49:10","guid":{"rendered":"https:\/\/thebestantique.com\/?post_type=product&#038;p=16678"},"modified":"2026-04-03T13:56:41","modified_gmt":"2026-04-03T11:56:41","slug":"a-japanese-silver-mounted-smoking-set-and-box","status":"publish","type":"product","link":"https:\/\/thebestantique.com\/et\/product\/a-japanese-silver-mounted-smoking-set-and-box\/","title":{"rendered":"Jaapani h\u00f5bekattega suitsetamiskomplekt, Meiji periood (1868\u20131912)"},"content":{"rendered":"<p><\/p>\n<p class=\"\" data-start=\"2148\" data-end=\"2223\"><strong data-start=\"2148\" data-end=\"2191\">Jaapani h\u00f5bekattega suitsetamiskomplekt<\/strong><br data-start=\"2191\" data-end=\"2194\" \/><strong data-start=\"2194\" data-end=\"2223\">Meiji periood (1868\u20131912)<\/strong><\/p>\n<p class=\"\" data-start=\"2225\" data-end=\"2318\">Elegantne ja peenelt valmistatud Jaapani suitsetamiskomplekt, mis koosneb neljast elemendist:<\/p>\n<ul data-start=\"2320\" data-end=\"2860\">\n<li class=\"\" data-start=\"2320\" data-end=\"2458\">\n<p class=\"\" data-start=\"2322\" data-end=\"2458\">Ristk\u00fclikukujuline kandik, valmistatud papier-m\u00e2ch\u00e9&#8217;st, h\u00f5bedaste \u00e4\u00e4rte ja lakkdekooriga, esindades traditsioonilist Jaapani k\u00e4sit\u00f6\u00f6d.<\/p>\n<\/li>\n<li class=\"\" data-start=\"2459\" data-end=\"2557\">\n<p class=\"\" data-start=\"2461\" data-end=\"2557\">\u00dcmmargune tuhatoos, mis \u00fchendab papier-m\u00e2ch\u00e9&#8217;d ja klaasi, peene viimistlusega \u00e4\u00e4rel ja p\u00f5hjal.<\/p>\n<\/li>\n<li class=\"\" data-start=\"2558\" data-end=\"2675\">\n<p class=\"\" data-start=\"2560\" data-end=\"2675\">Tikutoos, valmistatud graveeritud h\u00f5bedast, kaunistatud keerukate mustrite ja Meiji ajastu h\u00f5bele omase patinaga.<\/p>\n<\/li>\n<li class=\"\" data-start=\"2676\" data-end=\"2860\">\n<p class=\"\" data-start=\"2678\" data-end=\"2860\">Sigarikarp, h\u00f5bedast ja puidust, kaetud kullatud metallkaunistuste ja graveeringutega, mis kujutavad kukke, kana ja kr\u00fcsanteeme \u2013 Jaapani kultuuris pikaealisuse ja \u00f5itsengu s\u00fcmbolid.<\/p>\n<\/li>\n<\/ul>\n<p class=\"\" data-start=\"2862\" data-end=\"3125\">Sigarikarbi kaanel on graveeritud m\u00e4rgistus \u53f2\u4fe1\u523b (\u201eShinobu koku\u201d v\u00f5i \u201eFuminobu koku\u201d), viidates oskuslikule Meiji ajastu meistrile. Shibuichi sulami, kullat\u00f6\u00f6 ja loodusemotiivide kombinatsioon n\u00e4itab traditsioonilise m\u00f5\u00f5gat\u00f6\u00f6 tehnika m\u00f5ju Jaapani ekspordikunstile.<\/p>\n<p class=\"\" data-start=\"3127\" data-end=\"3258\">See komplekt peegeldab t\u00e4helepanu detailidele ja rafineeritud esteetikat, mis iseloomustas Jaapani tarbekunsti 20. sajandi alguses.<\/p>\n<blockquote>\n<p class=\"\" data-start=\"3260\" data-end=\"3428\"><strong data-start=\"3260\" data-end=\"3271\">M\u00f5\u00f5dud:<\/strong><br data-start=\"3271\" data-end=\"3274\" \/>Kandik: 32 x 21.3 x 4 cm<br data-start=\"3298\" data-end=\"3301\" \/>Tuhatoos: 7.5 x 10.8 x 5.1 cm<br data-start=\"3330\" data-end=\"3333\" \/>Tikutoos: 4 x 6 x 4.7 cm<br data-start=\"3357\" data-end=\"3360\" \/>Sigarikarp: 10.2 x 13.8 x 4.6 cm<br data-start=\"3392\" data-end=\"3395\" \/>Puidust karp: 35.5 x 25.5 x 10 cm<\/p>\n<\/blockquote>\n<p><\/p>","protected":false},"excerpt":{"rendered":"<p><strong data-start=\"2148\" data-end=\"2191\">Jaapani h\u00f5bekattega suitsetamiskomplekt<\/strong><br data-start=\"2191\" data-end=\"2194\" \/><strong data-start=\"2194\" data-end=\"2223\">Meiji periood (1868\u20131912)<\/strong><\/p>\n","protected":false},"featured_media":16680,"comment_status":"closed","ping_status":"closed","template":"","meta":{"_exactmetrics_skip_tracking":false,"_exactmetrics_sitenote_active":false,"_exactmetrics_sitenote_note":"","_exactmetrics_sitenote_category":0,"_uf_show_specific_survey":0,"_uf_disable_surveys":false},"product_brand":[],"product_cat":[421],"product_tag":[],"class_list":{"0":"post-16678","1":"product","2":"type-product","3":"status-publish","4":"has-post-thumbnail","6":"product_cat-sold-items","7":"product_shipping_class-average-item-500-1500-g","9":"first","10":"outofstock","11":"shipping-taxable","12":"product-type-simple"},"aioseo_notices":[],"_links":{"self":[{"href":"https:\/\/thebestantique.com\/et\/wp-json\/wp\/v2\/product\/16678","targetHints":{"allow":["GET"]}}],"collection":[{"href":"https:\/\/thebestantique.com\/et\/wp-json\/wp\/v2\/product"}],"about":[{"href":"https:\/\/thebestantique.com\/et\/wp-json\/wp\/v2\/types\/product"}],"replies":[{"embeddable":true,"href":"https:\/\/thebestantique.com\/et\/wp-json\/wp\/v2\/comments?post=16678"}],"wp:featuredmedia":[{"embeddable":true,"href":"https:\/\/thebestantique.com\/et\/wp-json\/wp\/v2\/media\/16680"}],"wp:attachment":[{"href":"https:\/\/thebestantique.com\/et\/wp-json\/wp\/v2\/media?parent=16678"}],"wp:term":[{"taxonomy":"product_brand","embeddable":true,"href":"https:\/\/thebestantique.com\/et\/wp-json\/wp\/v2\/product_brand?post=16678"},{"taxonomy":"product_cat","embeddable":true,"href":"https:\/\/thebestantique.com\/et\/wp-json\/wp\/v2\/product_cat?post=16678"},{"taxonomy":"product_tag","embeddable":true,"href":"https:\/\/thebestantique.com\/et\/wp-json\/wp\/v2\/product_tag?post=16678"}],"curies":[{"name":"wp","href":"https:\/\/api.w.org\/{rel}","templated":true}]}}