{"id":16667,"date":"2025-04-08T14:29:42","date_gmt":"2025-04-08T12:29:42","guid":{"rendered":"https:\/\/thebestantique.com\/?post_type=product&#038;p=16667"},"modified":"2025-05-04T21:58:54","modified_gmt":"2025-05-04T19:58:54","slug":"porcelain-figurinegutach-peasant-woman-by-allach-designed-by-richard-forster-model-no-49","status":"publish","type":"product","link":"https:\/\/thebestantique.com\/et\/product\/porcelain-figurinegutach-peasant-woman-by-allach-designed-by-richard-forster-model-no-49\/","title":{"rendered":"Portselanfiguur &#8220;Gutachi talunaisetegelane&#8221; Allach, (mudel nr 49)"},"content":{"rendered":"<p><\/p>\n<p class=\"\" data-start=\"47\" data-end=\"134\">Portselanfiguur &#8220;Gutachi talunaisetegelane&#8221; Allach , kujundanud Richard F\u00f6rster (mudel nr 49)<\/p>\n<p class=\"\" data-start=\"136\" data-end=\"660\">See peenelt valmistatud portselanfiguur on k\u00e4sitsi maalitud erksates v\u00e4rvides ja kirjeldab noort naist, kes kannab traditsioonilist Schwarzwaldi rahvar\u00f5ivastust, sealhulgas tuntud Bollenhuti k\u00fcbara. Naine hoiab oma k\u00e4tt \u00f5rnalt rinna ees. Alusel on F\u00f6rsteri signatuur, mudelinumber ning Allachi manufaktuuri kaheksanurkne pressitud m\u00e4rgis.\u00a0 Tegemist on v\u00e4ga hinnatud ja haruldase kollektsioneerimisobjektiga, mis on mainitud 1938\/39. aasta Allachi portselanikataloogis.<\/p>\n<blockquote>\n<p class=\"\" data-start=\"662\" data-end=\"676\">K\u00f5rgus: 22 cm.<\/p>\n<\/blockquote>\n<p><\/p>","protected":false},"excerpt":{"rendered":"<p>Portselanfiguur &#8220;Gutachi talunaisetegelane&#8221; Allach, (mudel nr 49)<\/p>\n","protected":false},"featured_media":16670,"comment_status":"closed","ping_status":"closed","template":"","meta":{"_exactmetrics_skip_tracking":false,"_exactmetrics_sitenote_active":false,"_exactmetrics_sitenote_note":"","_exactmetrics_sitenote_category":0,"_uf_show_specific_survey":0,"_uf_disable_surveys":false},"product_brand":[],"product_cat":[421],"product_tag":[2134,2136,2135,2137],"class_list":{"0":"post-16667","1":"product","2":"type-product","3":"status-publish","4":"has-post-thumbnail","6":"product_cat-sold-items","7":"product_tag-gutach-peasant-woman-by-allach","8":"product_tag-allach-richard-forster","9":"product_tag-designed-by-richard-forster-model-no-49","10":"product_tag---49-allach","11":"product_shipping_class-small-item-0-500-g","13":"first","14":"outofstock","15":"shipping-taxable","16":"product-type-simple"},"aioseo_notices":[],"_links":{"self":[{"href":"https:\/\/thebestantique.com\/et\/wp-json\/wp\/v2\/product\/16667","targetHints":{"allow":["GET"]}}],"collection":[{"href":"https:\/\/thebestantique.com\/et\/wp-json\/wp\/v2\/product"}],"about":[{"href":"https:\/\/thebestantique.com\/et\/wp-json\/wp\/v2\/types\/product"}],"replies":[{"embeddable":true,"href":"https:\/\/thebestantique.com\/et\/wp-json\/wp\/v2\/comments?post=16667"}],"wp:featuredmedia":[{"embeddable":true,"href":"https:\/\/thebestantique.com\/et\/wp-json\/wp\/v2\/media\/16670"}],"wp:attachment":[{"href":"https:\/\/thebestantique.com\/et\/wp-json\/wp\/v2\/media?parent=16667"}],"wp:term":[{"taxonomy":"product_brand","embeddable":true,"href":"https:\/\/thebestantique.com\/et\/wp-json\/wp\/v2\/product_brand?post=16667"},{"taxonomy":"product_cat","embeddable":true,"href":"https:\/\/thebestantique.com\/et\/wp-json\/wp\/v2\/product_cat?post=16667"},{"taxonomy":"product_tag","embeddable":true,"href":"https:\/\/thebestantique.com\/et\/wp-json\/wp\/v2\/product_tag?post=16667"}],"curies":[{"name":"wp","href":"https:\/\/api.w.org\/{rel}","templated":true}]}}