{"id":16660,"date":"2025-04-08T14:06:18","date_gmt":"2025-04-08T12:06:18","guid":{"rendered":"https:\/\/thebestantique.com\/?post_type=product&#038;p=16660"},"modified":"2025-04-10T15:32:14","modified_gmt":"2025-04-10T13:32:14","slug":"a-faberge-silver-gilt-salt-cellar-with-a-original-spoon","status":"publish","type":"product","link":"https:\/\/thebestantique.com\/et\/product\/a-faberge-silver-gilt-salt-cellar-with-a-original-spoon\/","title":{"rendered":"Faberg\u00e9 h\u00f5be soolatoos originaal lusikaga"},"content":{"rendered":"<p><\/p>\n<p class=\"\" data-start=\"179\" data-end=\"261\">Faberg\u00e9 h\u00f5be soolatoos originaal lusikaga. Moskva, 1908\u20131917.<\/p>\n<blockquote>\n<p class=\"\" data-start=\"263\" data-end=\"334\">Pikkus: 7,5 cm<br data-start=\"277\" data-end=\"280\" \/>K\u00f5rgus: 2,5 cm<br data-start=\"294\" data-end=\"297\" \/>L\u00e4bim\u00f5\u00f5t: 4,3 cm<br data-start=\"313\" data-end=\"316\" \/>Kogukaal: 36,2 g<\/p>\n<\/blockquote>\n<p><\/p>","protected":false},"excerpt":{"rendered":"<p>Faberg\u00e9 h\u00f5be soolatoos originaal lusikaga<\/p>\n","protected":false},"featured_media":16662,"comment_status":"closed","ping_status":"closed","template":"","meta":{"_exactmetrics_skip_tracking":false,"_exactmetrics_sitenote_active":false,"_exactmetrics_sitenote_note":"","_exactmetrics_sitenote_category":0,"_uf_show_specific_survey":0,"_uf_disable_surveys":false},"product_brand":[],"product_cat":[221,220,6],"product_tag":[2132,2133],"class_list":{"0":"post-16660","1":"product","2":"type-product","3":"status-publish","4":"has-post-thumbnail","6":"product_cat-flatware-and-serving-pieces","7":"product_cat-russian-silver","8":"product_cat-silver","9":"product_tag-a-faberge-silver-gilt-salt-cellar-with-a-original-spoon","10":"product_tag-faberge-hobe-soolatoos-originaal-lusikaga","11":"product_shipping_class-free-shipping","13":"first","14":"instock","15":"shipping-taxable","16":"purchasable","17":"product-type-simple"},"aioseo_notices":[],"_links":{"self":[{"href":"https:\/\/thebestantique.com\/et\/wp-json\/wp\/v2\/product\/16660","targetHints":{"allow":["GET"]}}],"collection":[{"href":"https:\/\/thebestantique.com\/et\/wp-json\/wp\/v2\/product"}],"about":[{"href":"https:\/\/thebestantique.com\/et\/wp-json\/wp\/v2\/types\/product"}],"replies":[{"embeddable":true,"href":"https:\/\/thebestantique.com\/et\/wp-json\/wp\/v2\/comments?post=16660"}],"wp:featuredmedia":[{"embeddable":true,"href":"https:\/\/thebestantique.com\/et\/wp-json\/wp\/v2\/media\/16662"}],"wp:attachment":[{"href":"https:\/\/thebestantique.com\/et\/wp-json\/wp\/v2\/media?parent=16660"}],"wp:term":[{"taxonomy":"product_brand","embeddable":true,"href":"https:\/\/thebestantique.com\/et\/wp-json\/wp\/v2\/product_brand?post=16660"},{"taxonomy":"product_cat","embeddable":true,"href":"https:\/\/thebestantique.com\/et\/wp-json\/wp\/v2\/product_cat?post=16660"},{"taxonomy":"product_tag","embeddable":true,"href":"https:\/\/thebestantique.com\/et\/wp-json\/wp\/v2\/product_tag?post=16660"}],"curies":[{"name":"wp","href":"https:\/\/api.w.org\/{rel}","templated":true}]}}