{"id":16628,"date":"2025-03-12T10:51:38","date_gmt":"2025-03-12T08:51:38","guid":{"rendered":"https:\/\/thebestantique.com\/?post_type=product&#038;p=16628"},"modified":"2025-10-10T13:32:14","modified_gmt":"2025-10-10T11:32:14","slug":"a-russian-silver-gilt-kovsh-v-morozov","status":"publish","type":"product","link":"https:\/\/thebestantique.com\/et\/product\/a-russian-silver-gilt-kovsh-v-morozov\/","title":{"rendered":"Vene h\u00f5be kullatud kov\u0161"},"content":{"rendered":"<p>Vene h\u00f5be kullatud kov\u0161. Tootja tunnus: keiserliku \u00f5ukonna tarnija V. Morozovi firma. Peterburi, 1908\u20131917.<\/p>\n<blockquote><p>M\u00f5\u00f5tmed: 18,3 x 7,5 cm.<br \/>\nKaal: 221 g.<\/p><\/blockquote>\n<p><\/p>","protected":false},"excerpt":{"rendered":"<p>Vene h\u00f5be kullatud kov\u0161<\/p>\n","protected":false},"featured_media":16501,"comment_status":"closed","ping_status":"closed","template":"","meta":{"_exactmetrics_skip_tracking":false,"_exactmetrics_sitenote_active":false,"_exactmetrics_sitenote_note":"","_exactmetrics_sitenote_category":0,"_uf_show_specific_survey":0,"_uf_disable_surveys":false},"product_brand":[],"product_cat":[421],"product_tag":[2125,2126],"class_list":{"0":"post-16628","1":"product","2":"type-product","3":"status-publish","4":"has-post-thumbnail","6":"product_cat-sold-items","7":"product_tag-vene-hobe-kullatud-kovs","8":"product_tag-2126","9":"product_shipping_class-average-item-500-1500-g","11":"first","12":"outofstock","13":"shipping-taxable","14":"product-type-simple"},"aioseo_notices":[],"_links":{"self":[{"href":"https:\/\/thebestantique.com\/et\/wp-json\/wp\/v2\/product\/16628","targetHints":{"allow":["GET"]}}],"collection":[{"href":"https:\/\/thebestantique.com\/et\/wp-json\/wp\/v2\/product"}],"about":[{"href":"https:\/\/thebestantique.com\/et\/wp-json\/wp\/v2\/types\/product"}],"replies":[{"embeddable":true,"href":"https:\/\/thebestantique.com\/et\/wp-json\/wp\/v2\/comments?post=16628"}],"wp:featuredmedia":[{"embeddable":true,"href":"https:\/\/thebestantique.com\/et\/wp-json\/wp\/v2\/media\/16501"}],"wp:attachment":[{"href":"https:\/\/thebestantique.com\/et\/wp-json\/wp\/v2\/media?parent=16628"}],"wp:term":[{"taxonomy":"product_brand","embeddable":true,"href":"https:\/\/thebestantique.com\/et\/wp-json\/wp\/v2\/product_brand?post=16628"},{"taxonomy":"product_cat","embeddable":true,"href":"https:\/\/thebestantique.com\/et\/wp-json\/wp\/v2\/product_cat?post=16628"},{"taxonomy":"product_tag","embeddable":true,"href":"https:\/\/thebestantique.com\/et\/wp-json\/wp\/v2\/product_tag?post=16628"}],"curies":[{"name":"wp","href":"https:\/\/api.w.org\/{rel}","templated":true}]}}