{"id":16624,"date":"2025-03-12T10:27:53","date_gmt":"2025-03-12T08:27:53","guid":{"rendered":"https:\/\/thebestantique.com\/?post_type=product&#038;p=16624"},"modified":"2025-06-01T08:32:34","modified_gmt":"2025-06-01T06:32:34","slug":"%d1%80%d1%83%d1%81%d1%81%d0%ba%d0%b8%d0%b9-%d1%80%d1%83%d1%81%d1%81%d0%ba%d0%b8%d0%b9-%d1%81%d0%b5%d1%80%d0%b5%d0%b1%d1%80%d1%8f%d0%bd%d1%8b%d0%b9-%d1%81%d1%82%d0%b0%d0%ba%d0%b0%d0%bd","status":"publish","type":"product","link":"https:\/\/thebestantique.com\/et\/product\/%d1%80%d1%83%d1%81%d1%81%d0%ba%d0%b8%d0%b9-%d1%80%d1%83%d1%81%d1%81%d0%ba%d0%b8%d0%b9-%d1%81%d0%b5%d1%80%d0%b5%d0%b1%d1%80%d1%8f%d0%bd%d1%8b%d0%b9-%d1%81%d1%82%d0%b0%d0%ba%d0%b0%d0%bd\/","title":{"rendered":"Vene h\u00f5be, kullatud, niello tass"},"content":{"rendered":"<p>Vene h\u00f5be, kullatud niello, tass. H\u00f5be 84. Aasta 1844. \u201cM.\u0427\u201d \u2013 Mihhail Pavlovit\u0161 T\u0161urmazov (proovimeister). \u201cA.K.\u201d \u2013 tundmatu meister, (1835\u20131849).<\/p>\n<blockquote><p>K\u00f5rgus: 8,3 cm.<br \/>\nL\u00e4bim\u00f5\u00f5t: 7,5 cm.<br \/>\nKaal: 130,2 g.<\/p><\/blockquote>\n<p><\/p>","protected":false},"excerpt":{"rendered":"<p>Vene h\u00f5be, kullatud, niello tass<\/p>\n","protected":false},"featured_media":16508,"comment_status":"closed","ping_status":"closed","template":"","meta":{"_exactmetrics_skip_tracking":false,"_exactmetrics_sitenote_active":false,"_exactmetrics_sitenote_note":"","_exactmetrics_sitenote_category":0,"_uf_show_specific_survey":0,"_uf_disable_surveys":false},"product_brand":[],"product_cat":[421],"product_tag":[2123,2124],"class_list":{"0":"post-16624","1":"product","2":"type-product","3":"status-publish","4":"has-post-thumbnail","6":"product_cat-sold-items","7":"product_tag-2123","8":"product_tag-2124","9":"product_shipping_class-small-item-0-500-g","11":"first","12":"outofstock","13":"shipping-taxable","14":"product-type-simple"},"aioseo_notices":[],"_links":{"self":[{"href":"https:\/\/thebestantique.com\/et\/wp-json\/wp\/v2\/product\/16624","targetHints":{"allow":["GET"]}}],"collection":[{"href":"https:\/\/thebestantique.com\/et\/wp-json\/wp\/v2\/product"}],"about":[{"href":"https:\/\/thebestantique.com\/et\/wp-json\/wp\/v2\/types\/product"}],"replies":[{"embeddable":true,"href":"https:\/\/thebestantique.com\/et\/wp-json\/wp\/v2\/comments?post=16624"}],"wp:featuredmedia":[{"embeddable":true,"href":"https:\/\/thebestantique.com\/et\/wp-json\/wp\/v2\/media\/16508"}],"wp:attachment":[{"href":"https:\/\/thebestantique.com\/et\/wp-json\/wp\/v2\/media?parent=16624"}],"wp:term":[{"taxonomy":"product_brand","embeddable":true,"href":"https:\/\/thebestantique.com\/et\/wp-json\/wp\/v2\/product_brand?post=16624"},{"taxonomy":"product_cat","embeddable":true,"href":"https:\/\/thebestantique.com\/et\/wp-json\/wp\/v2\/product_cat?post=16624"},{"taxonomy":"product_tag","embeddable":true,"href":"https:\/\/thebestantique.com\/et\/wp-json\/wp\/v2\/product_tag?post=16624"}],"curies":[{"name":"wp","href":"https:\/\/api.w.org\/{rel}","templated":true}]}}