{"id":16622,"date":"2025-03-12T10:13:26","date_gmt":"2025-03-12T08:13:26","guid":{"rendered":"https:\/\/thebestantique.com\/?post_type=product&#038;p=16622"},"modified":"2025-03-12T10:20:43","modified_gmt":"2025-03-12T08:20:43","slug":"a-russian-silver-gilt-jam-spoon","status":"publish","type":"product","link":"https:\/\/thebestantique.com\/et\/product\/a-russian-silver-gilt-jam-spoon\/","title":{"rendered":"Vene h\u00f5be kullatud moosilusikas"},"content":{"rendered":"<p>Vene h\u00f5be kullatud moosilusikas. Meistri m\u00e4rk: S. Pavlov. Moskva, 1860.<\/p>\n<blockquote><p>Pikkus: 15,2 cm.<br \/>\nKaal: 62,4 g.<\/p><\/blockquote>\n<p><\/p>","protected":false},"excerpt":{"rendered":"<p>Vene h\u00f5be kullatud moosilusikas<\/p>\n","protected":false},"featured_media":16513,"comment_status":"closed","ping_status":"closed","template":"","meta":{"_exactmetrics_skip_tracking":false,"_exactmetrics_sitenote_active":false,"_exactmetrics_sitenote_note":"","_exactmetrics_sitenote_category":0,"_uf_show_specific_survey":0,"_uf_disable_surveys":false},"product_brand":[],"product_cat":[221,220,6],"product_tag":[2120,2122,2121],"class_list":{"0":"post-16622","1":"product","2":"type-product","3":"status-publish","4":"has-post-thumbnail","6":"product_cat-flatware-and-serving-pieces","7":"product_cat-russian-silver","8":"product_cat-silver","9":"product_tag-a-russian-silver-gilt-jam-spoon","10":"product_tag-vene-hobe-kullatud-moosilusikas","11":"product_tag-2121","12":"product_shipping_class-small-item-0-500-g","14":"first","15":"instock","16":"shipping-taxable","17":"purchasable","18":"product-type-simple"},"aioseo_notices":[],"_links":{"self":[{"href":"https:\/\/thebestantique.com\/et\/wp-json\/wp\/v2\/product\/16622","targetHints":{"allow":["GET"]}}],"collection":[{"href":"https:\/\/thebestantique.com\/et\/wp-json\/wp\/v2\/product"}],"about":[{"href":"https:\/\/thebestantique.com\/et\/wp-json\/wp\/v2\/types\/product"}],"replies":[{"embeddable":true,"href":"https:\/\/thebestantique.com\/et\/wp-json\/wp\/v2\/comments?post=16622"}],"wp:featuredmedia":[{"embeddable":true,"href":"https:\/\/thebestantique.com\/et\/wp-json\/wp\/v2\/media\/16513"}],"wp:attachment":[{"href":"https:\/\/thebestantique.com\/et\/wp-json\/wp\/v2\/media?parent=16622"}],"wp:term":[{"taxonomy":"product_brand","embeddable":true,"href":"https:\/\/thebestantique.com\/et\/wp-json\/wp\/v2\/product_brand?post=16622"},{"taxonomy":"product_cat","embeddable":true,"href":"https:\/\/thebestantique.com\/et\/wp-json\/wp\/v2\/product_cat?post=16622"},{"taxonomy":"product_tag","embeddable":true,"href":"https:\/\/thebestantique.com\/et\/wp-json\/wp\/v2\/product_tag?post=16622"}],"curies":[{"name":"wp","href":"https:\/\/api.w.org\/{rel}","templated":true}]}}