{"id":16618,"date":"2025-03-11T15:23:18","date_gmt":"2025-03-11T13:23:18","guid":{"rendered":"https:\/\/thebestantique.com\/?post_type=product&#038;p=16618"},"modified":"2026-04-12T16:23:59","modified_gmt":"2026-04-12T14:23:59","slug":"a-russian-imperial-navy-dagger-model-1810-f-w-holler-solingen","status":"publish","type":"product","link":"https:\/\/thebestantique.com\/et\/product\/a-russian-imperial-navy-dagger-model-1810-f-w-holler-solingen\/","title":{"rendered":"Vene Keisririigi Merev\u00e4e pistoda, Mudel 1810"},"content":{"rendered":"<p>Vene Keisririigi Merev\u00e4e pistoda, Mudel 1810<br \/>\nHaruldane ja ajalooliselt oluline Vene Keisririigi Merev\u00e4e pistoda, Mudel 1810. Tera on Saksamaal Solingenis valmistatud F.W. H\u00f6lleri poolt ning kaunistatud peenraid grav\u00fc\u00fcre. \u00dchel k\u00fcljel on monogramm &#8220;NII&#8221; (Nikolai II) ja teisel k\u00fcljel Vene Keisririigi kahepealine kotkas.<\/p>\n<p>Kogupikkus: 39,7 cm, tera pikkus: 26,3 cm, k\u00e4epideme laius: 1,7 cm.<\/p>","protected":false},"excerpt":{"rendered":"<p>Vene Keisririigi Merev\u00e4e pistoda, Mudel 1810<\/p>\n","protected":false},"featured_media":16576,"comment_status":"closed","ping_status":"closed","template":"","meta":{"_exactmetrics_skip_tracking":false,"_exactmetrics_sitenote_active":false,"_exactmetrics_sitenote_note":"","_exactmetrics_sitenote_category":0,"_uf_show_specific_survey":0,"_uf_disable_surveys":false},"product_brand":[],"product_cat":[421],"product_tag":[2119,2118,2116,2117],"class_list":{"0":"post-16618","1":"product","2":"type-product","3":"status-publish","4":"has-post-thumbnail","6":"product_cat-sold-items","7":"product_tag-mudel-1810","8":"product_tag-vene-keisririigi-merevae-pistoda","9":"product_tag-2116","10":"product_tag--1810-","11":"product_shipping_class-average-item-500-1500-g","13":"first","14":"outofstock","15":"shipping-taxable","16":"product-type-simple"},"aioseo_notices":[],"_links":{"self":[{"href":"https:\/\/thebestantique.com\/et\/wp-json\/wp\/v2\/product\/16618","targetHints":{"allow":["GET"]}}],"collection":[{"href":"https:\/\/thebestantique.com\/et\/wp-json\/wp\/v2\/product"}],"about":[{"href":"https:\/\/thebestantique.com\/et\/wp-json\/wp\/v2\/types\/product"}],"replies":[{"embeddable":true,"href":"https:\/\/thebestantique.com\/et\/wp-json\/wp\/v2\/comments?post=16618"}],"wp:featuredmedia":[{"embeddable":true,"href":"https:\/\/thebestantique.com\/et\/wp-json\/wp\/v2\/media\/16576"}],"wp:attachment":[{"href":"https:\/\/thebestantique.com\/et\/wp-json\/wp\/v2\/media?parent=16618"}],"wp:term":[{"taxonomy":"product_brand","embeddable":true,"href":"https:\/\/thebestantique.com\/et\/wp-json\/wp\/v2\/product_brand?post=16618"},{"taxonomy":"product_cat","embeddable":true,"href":"https:\/\/thebestantique.com\/et\/wp-json\/wp\/v2\/product_cat?post=16618"},{"taxonomy":"product_tag","embeddable":true,"href":"https:\/\/thebestantique.com\/et\/wp-json\/wp\/v2\/product_tag?post=16618"}],"curies":[{"name":"wp","href":"https:\/\/api.w.org\/{rel}","templated":true}]}}