{"id":16609,"date":"2025-03-11T14:48:41","date_gmt":"2025-03-11T12:48:41","guid":{"rendered":"https:\/\/thebestantique.com\/?post_type=product&#038;p=16609"},"modified":"2025-04-07T13:09:20","modified_gmt":"2025-04-07T11:09:20","slug":"a-rare-russian-model-1908-dagger-imperial-army-machine-gun-teams-wwi","status":"publish","type":"product","link":"https:\/\/thebestantique.com\/et\/product\/a-rare-russian-model-1908-dagger-imperial-army-machine-gun-teams-wwi\/","title":{"rendered":"M- 1908 haruldane t\u00e4\u00e4k (bebut)"},"content":{"rendered":"<p>Haruldane t\u00e4\u00e4k (bebut) madalama auastmega , mudel 1908. Seda kasutasid Esimese maailmas\u00f5ja ajal Vene Keisririigi armee kuulipilduja meeskondade s\u00f5durid. Tera on terasest ja k\u00e4epide on kaetud nahaga. Teral on m\u00e4rge. See on haruldane ja v\u00e4\u00e4rtuslik ese kollektsion\u00e4\u00e4ridele ja s\u00f5jaajaloo entusiastidele.<\/p>\n<blockquote><p>Kogupikkus: 60,5 cm.<br \/>\nTerapikkus: 40,4 cm.<br \/>\nTeralaius: 3,6 cm.<\/p><\/blockquote>\n<p><\/p>","protected":false},"excerpt":{"rendered":"<p>Haruldane t\u00e4\u00e4k (bebut) madalama auastmega kuulipilduja meeskondade mudel 1908<\/p>\n","protected":false},"featured_media":16611,"comment_status":"closed","ping_status":"closed","template":"","meta":{"_exactmetrics_skip_tracking":false,"_exactmetrics_sitenote_active":false,"_exactmetrics_sitenote_note":"","_exactmetrics_sitenote_category":0,"_uf_show_specific_survey":0,"_uf_disable_surveys":false},"product_brand":[],"product_cat":[421],"product_tag":[2114,2113],"class_list":{"0":"post-16609","1":"product","2":"type-product","3":"status-publish","4":"has-post-thumbnail","6":"product_cat-sold-items","7":"product_tag--1908-","8":"product_tag-2113","9":"product_shipping_class-average-item-500-1500-g","11":"first","12":"outofstock","13":"shipping-taxable","14":"product-type-simple"},"aioseo_notices":[],"_links":{"self":[{"href":"https:\/\/thebestantique.com\/et\/wp-json\/wp\/v2\/product\/16609","targetHints":{"allow":["GET"]}}],"collection":[{"href":"https:\/\/thebestantique.com\/et\/wp-json\/wp\/v2\/product"}],"about":[{"href":"https:\/\/thebestantique.com\/et\/wp-json\/wp\/v2\/types\/product"}],"replies":[{"embeddable":true,"href":"https:\/\/thebestantique.com\/et\/wp-json\/wp\/v2\/comments?post=16609"}],"wp:featuredmedia":[{"embeddable":true,"href":"https:\/\/thebestantique.com\/et\/wp-json\/wp\/v2\/media\/16611"}],"wp:attachment":[{"href":"https:\/\/thebestantique.com\/et\/wp-json\/wp\/v2\/media?parent=16609"}],"wp:term":[{"taxonomy":"product_brand","embeddable":true,"href":"https:\/\/thebestantique.com\/et\/wp-json\/wp\/v2\/product_brand?post=16609"},{"taxonomy":"product_cat","embeddable":true,"href":"https:\/\/thebestantique.com\/et\/wp-json\/wp\/v2\/product_cat?post=16609"},{"taxonomy":"product_tag","embeddable":true,"href":"https:\/\/thebestantique.com\/et\/wp-json\/wp\/v2\/product_tag?post=16609"}],"curies":[{"name":"wp","href":"https:\/\/api.w.org\/{rel}","templated":true}]}}