{"id":16595,"date":"2025-03-10T14:53:50","date_gmt":"2025-03-10T12:53:50","guid":{"rendered":"https:\/\/thebestantique.com\/?post_type=product&#038;p=16595"},"modified":"2025-04-27T09:53:55","modified_gmt":"2025-04-27T07:53:55","slug":"a-russian-silver-gilt-cigarette-case-with-gold-and-enamel-badges","status":"publish","type":"product","link":"https:\/\/thebestantique.com\/et\/product\/a-russian-silver-gilt-cigarette-case-with-gold-and-enamel-badges\/","title":{"rendered":"Vene h\u00f5be kullatud portsigar"},"content":{"rendered":"<p>Vene h\u00f5be kullatud portsigar, millel on kuldsed ja emaillitud m\u00e4rgid ja 5 kuld rubla (Tsaari-Vene Nikolai II 5 rubla). Meistri m\u00e4rk: Grigory Ivanov.<br data-start=\"121\" data-end=\"124\" \/>Moskva, 1908\u20131917.<\/p>\n<blockquote><p>M\u00f5\u00f5tmed: 11 x 8,5 x 1,5 cm.<br \/>\nKaal: 209 g.<\/p><\/blockquote>\n<p><\/p>","protected":false},"excerpt":{"rendered":"<p>Vene h\u00f5be kullatud portsigar<\/p>\n","protected":false},"featured_media":16494,"comment_status":"closed","ping_status":"closed","template":"","meta":{"_exactmetrics_skip_tracking":false,"_exactmetrics_sitenote_active":false,"_exactmetrics_sitenote_note":"","_exactmetrics_sitenote_category":0,"_uf_show_specific_survey":0,"_uf_disable_surveys":false},"product_brand":[],"product_cat":[6,421],"product_tag":[],"class_list":{"0":"post-16595","1":"product","2":"type-product","3":"status-publish","4":"has-post-thumbnail","6":"product_cat-silver","7":"product_cat-sold-items","8":"product_shipping_class-small-item-0-500-g","10":"first","11":"outofstock","12":"shipping-taxable","13":"product-type-simple"},"aioseo_notices":[],"_links":{"self":[{"href":"https:\/\/thebestantique.com\/et\/wp-json\/wp\/v2\/product\/16595","targetHints":{"allow":["GET"]}}],"collection":[{"href":"https:\/\/thebestantique.com\/et\/wp-json\/wp\/v2\/product"}],"about":[{"href":"https:\/\/thebestantique.com\/et\/wp-json\/wp\/v2\/types\/product"}],"replies":[{"embeddable":true,"href":"https:\/\/thebestantique.com\/et\/wp-json\/wp\/v2\/comments?post=16595"}],"wp:featuredmedia":[{"embeddable":true,"href":"https:\/\/thebestantique.com\/et\/wp-json\/wp\/v2\/media\/16494"}],"wp:attachment":[{"href":"https:\/\/thebestantique.com\/et\/wp-json\/wp\/v2\/media?parent=16595"}],"wp:term":[{"taxonomy":"product_brand","embeddable":true,"href":"https:\/\/thebestantique.com\/et\/wp-json\/wp\/v2\/product_brand?post=16595"},{"taxonomy":"product_cat","embeddable":true,"href":"https:\/\/thebestantique.com\/et\/wp-json\/wp\/v2\/product_cat?post=16595"},{"taxonomy":"product_tag","embeddable":true,"href":"https:\/\/thebestantique.com\/et\/wp-json\/wp\/v2\/product_tag?post=16595"}],"curies":[{"name":"wp","href":"https:\/\/api.w.org\/{rel}","templated":true}]}}