{"id":16593,"date":"2025-03-10T14:30:34","date_gmt":"2025-03-10T12:30:34","guid":{"rendered":"https:\/\/thebestantique.com\/?post_type=product&#038;p=16593"},"modified":"2025-03-10T14:30:34","modified_gmt":"2025-03-10T12:30:34","slug":"a-russian-cast-silver-tableware-stands-in-the-form-of-a-rifles","status":"publish","type":"product","link":"https:\/\/thebestantique.com\/et\/product\/a-russian-cast-silver-tableware-stands-in-the-form-of-a-rifles\/","title":{"rendered":"Vene h\u00f5bedast s\u00f6\u00f6giriistade hoidjad\u00a0 vintp\u00fcsside kujul"},"content":{"rendered":"<p>Vene h\u00f5bedast s\u00f6\u00f6giriistade hoidjad\u00a0 vintp\u00fcsside kujul. Tootja V. Gordoni firma. Peterbug, 1899\u20131904.<\/p>\n<blockquote><p>Kogukaal: 392 g.<br \/>\nPikkus: 10,6 cm.<\/p><\/blockquote>\n<p><\/p>","protected":false},"excerpt":{"rendered":"<p class=\"qtranxs-available-languages-message qtranxs-available-languages-message-et\">Vabandame, see kanne on saadaval ainult %LANG : ja %.<\/p>\n","protected":false},"featured_media":16490,"comment_status":"closed","ping_status":"closed","template":"","meta":{"_exactmetrics_skip_tracking":false,"_exactmetrics_sitenote_active":false,"_exactmetrics_sitenote_note":"","_exactmetrics_sitenote_category":0,"_uf_show_specific_survey":0,"_uf_disable_surveys":false},"product_brand":[],"product_cat":[220,6,841],"product_tag":[2112,2111],"class_list":{"0":"post-16593","1":"product","2":"type-product","3":"status-publish","4":"has-post-thumbnail","6":"product_cat-russian-silver","7":"product_cat-silver","8":"product_cat-silver-miniatures-and-other","9":"product_tag-vene-hobedast-soogiriistade-hoidjad-vintpusside-kujul","10":"product_tag-2111","11":"product_shipping_class-average-item-500-1500-g","13":"first","14":"instock","15":"shipping-taxable","16":"purchasable","17":"product-type-simple"},"aioseo_notices":[],"_links":{"self":[{"href":"https:\/\/thebestantique.com\/et\/wp-json\/wp\/v2\/product\/16593","targetHints":{"allow":["GET"]}}],"collection":[{"href":"https:\/\/thebestantique.com\/et\/wp-json\/wp\/v2\/product"}],"about":[{"href":"https:\/\/thebestantique.com\/et\/wp-json\/wp\/v2\/types\/product"}],"replies":[{"embeddable":true,"href":"https:\/\/thebestantique.com\/et\/wp-json\/wp\/v2\/comments?post=16593"}],"wp:featuredmedia":[{"embeddable":true,"href":"https:\/\/thebestantique.com\/et\/wp-json\/wp\/v2\/media\/16490"}],"wp:attachment":[{"href":"https:\/\/thebestantique.com\/et\/wp-json\/wp\/v2\/media?parent=16593"}],"wp:term":[{"taxonomy":"product_brand","embeddable":true,"href":"https:\/\/thebestantique.com\/et\/wp-json\/wp\/v2\/product_brand?post=16593"},{"taxonomy":"product_cat","embeddable":true,"href":"https:\/\/thebestantique.com\/et\/wp-json\/wp\/v2\/product_cat?post=16593"},{"taxonomy":"product_tag","embeddable":true,"href":"https:\/\/thebestantique.com\/et\/wp-json\/wp\/v2\/product_tag?post=16593"}],"curies":[{"name":"wp","href":"https:\/\/api.w.org\/{rel}","templated":true}]}}