{"id":16457,"date":"2025-03-10T13:09:22","date_gmt":"2025-03-10T11:09:22","guid":{"rendered":"https:\/\/thebestantique.com\/?post_type=product&#038;p=16457"},"modified":"2025-03-10T13:41:03","modified_gmt":"2025-03-10T11:41:03","slug":"a-pair-of-russian-cut-crystal-glass-vases-on-the-feets","status":"publish","type":"product","link":"https:\/\/thebestantique.com\/et\/product\/a-pair-of-russian-cut-crystal-glass-vases-on-the-feets\/","title":{"rendered":"Vene l\u00f5igatud kristallklaasist vaaside paar"},"content":{"rendered":"<p>Vene l\u00f5igatud kristallklaasist vaaside paar jalgadel. Nikolski (Bakhmetiev) klaasit\u00f6\u00f6stus.<br \/>\nPenza piirkond, 19. sajandi l\u00f5pp.<\/p>\n<blockquote><p>K\u00f5rgus: 22 cm.<\/p><\/blockquote>\n<p><\/p>","protected":false},"excerpt":{"rendered":"<p>Vene l\u00f5igatud kristallklaasist vaaside paar<\/p>\n","protected":false},"featured_media":16481,"comment_status":"closed","ping_status":"closed","template":"","meta":{"_exactmetrics_skip_tracking":false,"_exactmetrics_sitenote_active":false,"_exactmetrics_sitenote_note":"","_exactmetrics_sitenote_category":0,"_uf_show_specific_survey":0,"_uf_disable_surveys":false},"product_brand":[],"product_cat":[356,18],"product_tag":[2110,2109],"class_list":{"0":"post-16457","1":"product","2":"type-product","3":"status-publish","4":"has-post-thumbnail","6":"product_cat-antique-carafes-decatners-and-jars","7":"product_cat-vases","8":"product_tag-vene-loigatud-kristallklaasist-vaaside-paar-jalgadel","9":"product_tag-2109","10":"product_shipping_class-big-item-1500-3000-g","12":"first","13":"instock","14":"shipping-taxable","15":"purchasable","16":"product-type-simple"},"aioseo_notices":[],"_links":{"self":[{"href":"https:\/\/thebestantique.com\/et\/wp-json\/wp\/v2\/product\/16457","targetHints":{"allow":["GET"]}}],"collection":[{"href":"https:\/\/thebestantique.com\/et\/wp-json\/wp\/v2\/product"}],"about":[{"href":"https:\/\/thebestantique.com\/et\/wp-json\/wp\/v2\/types\/product"}],"replies":[{"embeddable":true,"href":"https:\/\/thebestantique.com\/et\/wp-json\/wp\/v2\/comments?post=16457"}],"wp:featuredmedia":[{"embeddable":true,"href":"https:\/\/thebestantique.com\/et\/wp-json\/wp\/v2\/media\/16481"}],"wp:attachment":[{"href":"https:\/\/thebestantique.com\/et\/wp-json\/wp\/v2\/media?parent=16457"}],"wp:term":[{"taxonomy":"product_brand","embeddable":true,"href":"https:\/\/thebestantique.com\/et\/wp-json\/wp\/v2\/product_brand?post=16457"},{"taxonomy":"product_cat","embeddable":true,"href":"https:\/\/thebestantique.com\/et\/wp-json\/wp\/v2\/product_cat?post=16457"},{"taxonomy":"product_tag","embeddable":true,"href":"https:\/\/thebestantique.com\/et\/wp-json\/wp\/v2\/product_tag?post=16457"}],"curies":[{"name":"wp","href":"https:\/\/api.w.org\/{rel}","templated":true}]}}