{"id":16435,"date":"2025-03-10T11:29:11","date_gmt":"2025-03-10T09:29:11","guid":{"rendered":"https:\/\/thebestantique.com\/?post_type=product&#038;p=16435"},"modified":"2025-03-10T12:13:24","modified_gmt":"2025-03-10T10:13:24","slug":"17th-century-steel-safe-box-trunk-with-5-locking-mechanisms","status":"publish","type":"product","link":"https:\/\/thebestantique.com\/et\/product\/17th-century-steel-safe-box-trunk-with-5-locking-mechanisms\/","title":{"rendered":"17. sajandi terasest seifikast\/kirst viie lukustusmehhanismiga"},"content":{"rendered":"<p><\/p>\n<p data-start=\"0\" data-end=\"90\"><strong data-start=\"0\" data-end=\"88\">17. sajandi terasest seifikast\/kirst viie lukustusmehhanismiga. <\/strong>Euroopa, 17. sajand.<\/p>\n<p data-start=\"92\" data-end=\"476\">See t\u00e4helepanuv\u00e4\u00e4rne 17. sajandi Euroopa terasest seifikast\/kirst on tunnistus nii meistritasemel k\u00e4sit\u00f6\u00f6st kui ka ajastu keerukast turvainseneeriast. Maksimaalse kaitse tagamiseks on see varustatud viie eraldiseisva lukustusmehhanismiga, mida k\u00f5iki juhib \u00fcheaegselt \u00fcks v\u00f5tmega k\u00e4ivitatav s\u00fcsteem, mis asub \u00fclaosas. Lisaks kahele t\u00e4iendavale lukule, mis lisavad veelgi turvalisust.<\/p>\n<p data-start=\"478\" data-end=\"807\">Kirstu tugev teraskonstruktsioon on ajaproovile vastu pidanud, s\u00e4ilitades oma ajaloolise terviklikkuse. Kuigi p\u00f5hjas on n\u00e4ha m\u00f5ningast roostet, suurendab see vaid eseme autentsust ja ajaloolist iseloomu. Lisaks oma praktilisele kasutusele teeb selle keerukas metallt\u00f6\u00f6 ja j\u00f5uline disain sellest silmapaistva dekoratiivse eseme.<\/p>\n<p data-start=\"809\" data-end=\"989\">See seifikast on haruldane ja v\u00e4\u00e4rtuslik artefakt, mis sobib ideaalselt antiiksete turvaseadmete, Euroopa metallikunsti v\u00f5i unikaalsete 17. sajandi ajalooliste esemete kogujaile.<\/p>\n<blockquote>\n<p data-start=\"991\" data-end=\"1080\" data-is-only-node=\"\" data-is-last-node=\"\"><strong data-start=\"991\" data-end=\"1003\">M\u00f5\u00f5tmed:<\/strong><br data-start=\"1003\" data-end=\"1006\" \/>K\u00f5rgus: 38 cm<br data-start=\"1019\" data-end=\"1022\" \/>Pikkus: 69 cm<br data-start=\"1035\" data-end=\"1038\" \/>Laius (koos aasaga): 43 cm<br data-start=\"1064\" data-end=\"1067\" \/>Kaal: 56,8 kg<\/p>\n<\/blockquote>\n<p><\/p>","protected":false},"excerpt":{"rendered":"<p><strong data-start=\"0\" data-end=\"88\">17. sajandi terasest seifikast\/kirst viie lukustusmehhanismiga<\/strong><\/p>\n","protected":false},"featured_media":16437,"comment_status":"closed","ping_status":"closed","template":"","meta":{"_exactmetrics_skip_tracking":false,"_exactmetrics_sitenote_active":false,"_exactmetrics_sitenote_note":"","_exactmetrics_sitenote_category":0,"_uf_show_specific_survey":0,"_uf_disable_surveys":false},"product_brand":[],"product_cat":[291],"product_tag":[2106,2107],"class_list":{"0":"post-16435","1":"product","2":"type-product","3":"status-publish","4":"has-post-thumbnail","6":"product_cat-other","7":"product_tag-17th-century-steel-safe-box-trunk-with-5-locking-mechanisms-europe","8":"product_tag-17th-century","9":"product_shipping_class-free-shipping","11":"first","12":"instock","13":"shipping-taxable","14":"purchasable","15":"product-type-simple"},"aioseo_notices":[],"_links":{"self":[{"href":"https:\/\/thebestantique.com\/et\/wp-json\/wp\/v2\/product\/16435","targetHints":{"allow":["GET"]}}],"collection":[{"href":"https:\/\/thebestantique.com\/et\/wp-json\/wp\/v2\/product"}],"about":[{"href":"https:\/\/thebestantique.com\/et\/wp-json\/wp\/v2\/types\/product"}],"replies":[{"embeddable":true,"href":"https:\/\/thebestantique.com\/et\/wp-json\/wp\/v2\/comments?post=16435"}],"wp:featuredmedia":[{"embeddable":true,"href":"https:\/\/thebestantique.com\/et\/wp-json\/wp\/v2\/media\/16437"}],"wp:attachment":[{"href":"https:\/\/thebestantique.com\/et\/wp-json\/wp\/v2\/media?parent=16435"}],"wp:term":[{"taxonomy":"product_brand","embeddable":true,"href":"https:\/\/thebestantique.com\/et\/wp-json\/wp\/v2\/product_brand?post=16435"},{"taxonomy":"product_cat","embeddable":true,"href":"https:\/\/thebestantique.com\/et\/wp-json\/wp\/v2\/product_cat?post=16435"},{"taxonomy":"product_tag","embeddable":true,"href":"https:\/\/thebestantique.com\/et\/wp-json\/wp\/v2\/product_tag?post=16435"}],"curies":[{"name":"wp","href":"https:\/\/api.w.org\/{rel}","templated":true}]}}