{"id":16399,"date":"2025-01-30T12:06:35","date_gmt":"2025-01-30T10:06:35","guid":{"rendered":"https:\/\/thebestantique.com\/?post_type=product&#038;p=16399"},"modified":"2026-03-11T17:00:23","modified_gmt":"2026-03-11T15:00:23","slug":"gold-ring-with-colorful-stones","status":"publish","type":"product","link":"https:\/\/thebestantique.com\/et\/product\/gold-ring-with-colorful-stones\/","title":{"rendered":"Kuld s\u00f5rmus v\u00e4rviliste kividega"},"content":{"rendered":"<p>Kuld s\u00f5rmus. V\u00e4rvilised kivid.<\/p>\n<blockquote><p>Kogukaal: 5 g.<br \/>\nL\u00e4bim\u00f5\u00f5t: 16.45 mm.<br \/>\nSuurus ~ 16.5<\/p><\/blockquote>\n<p><\/p>","protected":false},"excerpt":{"rendered":"<p>Kuld s\u00f5rmus v\u00e4rviliste kividega<\/p>\n","protected":false},"featured_media":16392,"comment_status":"closed","ping_status":"closed","template":"","meta":{"_exactmetrics_skip_tracking":false,"_exactmetrics_sitenote_active":false,"_exactmetrics_sitenote_note":"","_exactmetrics_sitenote_category":0,"_uf_show_specific_survey":0,"_uf_disable_surveys":false},"product_brand":[],"product_cat":[421],"product_tag":[2105,2104],"class_list":{"0":"post-16399","1":"product","2":"type-product","3":"status-publish","4":"has-post-thumbnail","6":"product_cat-sold-items","7":"product_tag-kuld-sormus-varviliste-kividega","8":"product_tag-2104","10":"first","11":"outofstock","12":"shipping-taxable","13":"product-type-simple"},"aioseo_notices":[],"_links":{"self":[{"href":"https:\/\/thebestantique.com\/et\/wp-json\/wp\/v2\/product\/16399","targetHints":{"allow":["GET"]}}],"collection":[{"href":"https:\/\/thebestantique.com\/et\/wp-json\/wp\/v2\/product"}],"about":[{"href":"https:\/\/thebestantique.com\/et\/wp-json\/wp\/v2\/types\/product"}],"replies":[{"embeddable":true,"href":"https:\/\/thebestantique.com\/et\/wp-json\/wp\/v2\/comments?post=16399"}],"wp:featuredmedia":[{"embeddable":true,"href":"https:\/\/thebestantique.com\/et\/wp-json\/wp\/v2\/media\/16392"}],"wp:attachment":[{"href":"https:\/\/thebestantique.com\/et\/wp-json\/wp\/v2\/media?parent=16399"}],"wp:term":[{"taxonomy":"product_brand","embeddable":true,"href":"https:\/\/thebestantique.com\/et\/wp-json\/wp\/v2\/product_brand?post=16399"},{"taxonomy":"product_cat","embeddable":true,"href":"https:\/\/thebestantique.com\/et\/wp-json\/wp\/v2\/product_cat?post=16399"},{"taxonomy":"product_tag","embeddable":true,"href":"https:\/\/thebestantique.com\/et\/wp-json\/wp\/v2\/product_tag?post=16399"}],"curies":[{"name":"wp","href":"https:\/\/api.w.org\/{rel}","templated":true}]}}