{"id":16358,"date":"2024-12-03T10:59:46","date_gmt":"2024-12-03T08:59:46","guid":{"rendered":"https:\/\/thebestantique.com\/?post_type=product&#038;p=16358"},"modified":"2025-01-23T08:00:22","modified_gmt":"2025-01-23T06:00:22","slug":"a-bavarian-presentation-hirswanger-dagger-sword-1","status":"publish","type":"product","link":"https:\/\/thebestantique.com\/et\/product\/a-bavarian-presentation-hirswanger-dagger-sword-1\/","title":{"rendered":"Baieri esitlus hirswanger, pistoda, m\u00f5\u00f5k kaunistatud sinise kullatava teraga"},"content":{"rendered":"<p>Baieri esitlus hirswanger, pistoda, m\u00f5\u00f5k kaunistatud sinise kullatava teraga. See on v\u00e4ga pikk.<br \/>\nHea seisukord. Lisateabe saamiseks vaadake lisapilte.<\/p>\n<p>19. sajandi l\u00f5pp 20. sajandi algus.<\/p>\n<p>&nbsp;<\/p>\n<blockquote><p>M\u00f5\u00f5dud:<br \/>\nKogupikkus: 74 cm.<br \/>\nTera pikkus: 60 cm.<br \/>\nTera laius: 3 cm.<\/p><\/blockquote>\n<p><\/p>","protected":false},"excerpt":{"rendered":"<p>Baieri esitlus hirswanger, pistoda, m\u00f5\u00f5k kaunistatud sinise kullatava teraga. See on v\u00e4ga pikk.<br \/>\nHea seisukord.<\/p>\n","protected":false},"featured_media":16359,"comment_status":"closed","ping_status":"closed","template":"","meta":{"_exactmetrics_skip_tracking":false,"_exactmetrics_sitenote_active":false,"_exactmetrics_sitenote_note":"","_exactmetrics_sitenote_category":0,"_uf_show_specific_survey":0,"_uf_disable_surveys":false},"product_brand":[],"product_cat":[36,80],"product_tag":[],"class_list":{"0":"post-16358","1":"product","2":"type-product","3":"status-publish","4":"has-post-thumbnail","6":"product_cat-daggers","7":"product_cat-swords","8":"product_shipping_class-average-item-500-1500-g","10":"first","11":"instock","12":"shipping-taxable","13":"purchasable","14":"product-type-simple"},"aioseo_notices":[],"_links":{"self":[{"href":"https:\/\/thebestantique.com\/et\/wp-json\/wp\/v2\/product\/16358","targetHints":{"allow":["GET"]}}],"collection":[{"href":"https:\/\/thebestantique.com\/et\/wp-json\/wp\/v2\/product"}],"about":[{"href":"https:\/\/thebestantique.com\/et\/wp-json\/wp\/v2\/types\/product"}],"replies":[{"embeddable":true,"href":"https:\/\/thebestantique.com\/et\/wp-json\/wp\/v2\/comments?post=16358"}],"wp:featuredmedia":[{"embeddable":true,"href":"https:\/\/thebestantique.com\/et\/wp-json\/wp\/v2\/media\/16359"}],"wp:attachment":[{"href":"https:\/\/thebestantique.com\/et\/wp-json\/wp\/v2\/media?parent=16358"}],"wp:term":[{"taxonomy":"product_brand","embeddable":true,"href":"https:\/\/thebestantique.com\/et\/wp-json\/wp\/v2\/product_brand?post=16358"},{"taxonomy":"product_cat","embeddable":true,"href":"https:\/\/thebestantique.com\/et\/wp-json\/wp\/v2\/product_cat?post=16358"},{"taxonomy":"product_tag","embeddable":true,"href":"https:\/\/thebestantique.com\/et\/wp-json\/wp\/v2\/product_tag?post=16358"}],"curies":[{"name":"wp","href":"https:\/\/api.w.org\/{rel}","templated":true}]}}