{"id":16348,"date":"2024-11-26T11:55:41","date_gmt":"2024-11-26T09:55:41","guid":{"rendered":"https:\/\/thebestantique.com\/?post_type=product&#038;p=16348"},"modified":"2025-01-10T14:58:45","modified_gmt":"2025-01-10T12:58:45","slug":"belgian-bayonet-model-1924-for-mauser-rifle","status":"publish","type":"product","link":"https:\/\/thebestantique.com\/et\/product\/belgian-bayonet-model-1924-for-mauser-rifle\/","title":{"rendered":"Belgia 1924. aasta mudeli t\u00e4\u00e4k Mauseri vintp\u00fcssi jaoks."},"content":{"rendered":"<p>Belgia 1924. aasta mudeli t\u00e4\u00e4k Mauseri vintp\u00fcssi jaoks.<\/p>\n<blockquote><p>M\u00f5\u00f5dud:<br \/>\nKogupikkus: 53,5 cm.<br \/>\nTera pikkus: 38,4 cm.<br \/>\nTera laius p\u00f5hjas: 2,5 cm.<\/p><\/blockquote>\n<p><\/p>","protected":false},"excerpt":{"rendered":"<p>Belgia 1924. aasta mudeli t\u00e4\u00e4k Mauseri vintp\u00fcssi jaoks.<\/p>\n","protected":false},"featured_media":16349,"comment_status":"closed","ping_status":"closed","template":"","meta":{"_exactmetrics_skip_tracking":false,"_exactmetrics_sitenote_active":false,"_exactmetrics_sitenote_note":"","_exactmetrics_sitenote_category":0,"_uf_show_specific_survey":0,"_uf_disable_surveys":false},"product_brand":[],"product_cat":[421],"product_tag":[],"class_list":{"0":"post-16348","1":"product","2":"type-product","3":"status-publish","4":"has-post-thumbnail","6":"product_cat-sold-items","7":"product_shipping_class-small-item-0-500-g","9":"first","10":"outofstock","11":"shipping-taxable","12":"purchasable","13":"product-type-simple"},"aioseo_notices":[],"_links":{"self":[{"href":"https:\/\/thebestantique.com\/et\/wp-json\/wp\/v2\/product\/16348","targetHints":{"allow":["GET"]}}],"collection":[{"href":"https:\/\/thebestantique.com\/et\/wp-json\/wp\/v2\/product"}],"about":[{"href":"https:\/\/thebestantique.com\/et\/wp-json\/wp\/v2\/types\/product"}],"replies":[{"embeddable":true,"href":"https:\/\/thebestantique.com\/et\/wp-json\/wp\/v2\/comments?post=16348"}],"wp:featuredmedia":[{"embeddable":true,"href":"https:\/\/thebestantique.com\/et\/wp-json\/wp\/v2\/media\/16349"}],"wp:attachment":[{"href":"https:\/\/thebestantique.com\/et\/wp-json\/wp\/v2\/media?parent=16348"}],"wp:term":[{"taxonomy":"product_brand","embeddable":true,"href":"https:\/\/thebestantique.com\/et\/wp-json\/wp\/v2\/product_brand?post=16348"},{"taxonomy":"product_cat","embeddable":true,"href":"https:\/\/thebestantique.com\/et\/wp-json\/wp\/v2\/product_cat?post=16348"},{"taxonomy":"product_tag","embeddable":true,"href":"https:\/\/thebestantique.com\/et\/wp-json\/wp\/v2\/product_tag?post=16348"}],"curies":[{"name":"wp","href":"https:\/\/api.w.org\/{rel}","templated":true}]}}