{"id":16340,"date":"2024-11-26T11:43:51","date_gmt":"2024-11-26T09:43:51","guid":{"rendered":"https:\/\/thebestantique.com\/?post_type=product&#038;p=16340"},"modified":"2024-12-29T13:37:56","modified_gmt":"2024-12-29T11:37:56","slug":"french-post-war-combat-knife-reworked-from-the-american-bayonet-model-1917-often-called-legionnaires-knife","status":"publish","type":"product","link":"https:\/\/thebestantique.com\/et\/product\/french-post-war-combat-knife-reworked-from-the-american-bayonet-model-1917-often-called-legionnaires-knife\/","title":{"rendered":"Prantsuse s\u00f5jaj\u00e4rgne lahingunuga, mis on \u00fcmber ehitatud Ameerika 1917. aasta t\u00e4\u00e4gist. Seda nimetatakse sageli &#8220;leegion\u00e4ri noaks&#8221;"},"content":{"rendered":"<p>Prantsuse s\u00f5jaj\u00e4rgne lahingunuga, mis on \u00fcmber ehitatud Ameerika 1917. aasta t\u00e4\u00e4gist. Seda nimetatakse sageli &#8220;leegion\u00e4ri noaks&#8221;<\/p>\n<blockquote><p>M\u00f5\u00f5dud:<br \/>\nKogupikkus: 35 cm.<br \/>\nTera pikkus: 18,5 cm.<br \/>\nTera laius p\u00f5hjas: 2,3 cm.<\/p><\/blockquote>\n<p><\/p>","protected":false},"excerpt":{"rendered":"<p>Prantsuse s\u00f5jaj\u00e4rgne lahingunuga, mis on \u00fcmber ehitatud Ameerika 1917. aasta t\u00e4\u00e4gist. Seda nimetatakse sageli &#8220;leegion\u00e4ri noaks&#8221;<\/p>\n","protected":false},"featured_media":16341,"comment_status":"closed","ping_status":"closed","template":"","meta":{"_exactmetrics_skip_tracking":false,"_exactmetrics_sitenote_active":false,"_exactmetrics_sitenote_note":"","_exactmetrics_sitenote_category":0,"_uf_show_specific_survey":0,"_uf_disable_surveys":false},"product_brand":[],"product_cat":[421],"product_tag":[],"class_list":{"0":"post-16340","1":"product","2":"type-product","3":"status-publish","4":"has-post-thumbnail","6":"product_cat-sold-items","7":"product_shipping_class-small-item-0-500-g","9":"first","10":"outofstock","11":"shipping-taxable","12":"product-type-simple"},"aioseo_notices":[],"_links":{"self":[{"href":"https:\/\/thebestantique.com\/et\/wp-json\/wp\/v2\/product\/16340","targetHints":{"allow":["GET"]}}],"collection":[{"href":"https:\/\/thebestantique.com\/et\/wp-json\/wp\/v2\/product"}],"about":[{"href":"https:\/\/thebestantique.com\/et\/wp-json\/wp\/v2\/types\/product"}],"replies":[{"embeddable":true,"href":"https:\/\/thebestantique.com\/et\/wp-json\/wp\/v2\/comments?post=16340"}],"wp:featuredmedia":[{"embeddable":true,"href":"https:\/\/thebestantique.com\/et\/wp-json\/wp\/v2\/media\/16341"}],"wp:attachment":[{"href":"https:\/\/thebestantique.com\/et\/wp-json\/wp\/v2\/media?parent=16340"}],"wp:term":[{"taxonomy":"product_brand","embeddable":true,"href":"https:\/\/thebestantique.com\/et\/wp-json\/wp\/v2\/product_brand?post=16340"},{"taxonomy":"product_cat","embeddable":true,"href":"https:\/\/thebestantique.com\/et\/wp-json\/wp\/v2\/product_cat?post=16340"},{"taxonomy":"product_tag","embeddable":true,"href":"https:\/\/thebestantique.com\/et\/wp-json\/wp\/v2\/product_tag?post=16340"}],"curies":[{"name":"wp","href":"https:\/\/api.w.org\/{rel}","templated":true}]}}