{"id":16278,"date":"2024-11-19T13:40:57","date_gmt":"2024-11-19T11:40:57","guid":{"rendered":"https:\/\/thebestantique.com\/?post_type=product&#038;p=16278"},"modified":"2025-05-12T12:45:09","modified_gmt":"2025-05-12T10:45:09","slug":"french-bayonet-model-1886-16-for-rifles-berthier-and-lebel","status":"publish","type":"product","link":"https:\/\/thebestantique.com\/et\/product\/french-bayonet-model-1886-16-for-rifles-berthier-and-lebel\/","title":{"rendered":"Prantsuse T\u00e4\u00e4k Lebel M 1886"},"content":{"rendered":"<p>Prantsuse T\u00e4\u00e4k Lebel M 1886.<\/p>\n<p>Kollast metallist k\u00e4epide.<\/p>\n<blockquote><p>M\u00f5\u00f5dud:<br \/>\nPikkus ca. 65,5cm.<br \/>\nTera ca. 52cm.<br \/>\nTera laius p\u00f5hjas: 1,5 cm.<\/p><\/blockquote>\n<p><\/p>","protected":false},"excerpt":{"rendered":"<p>Prantsuse T\u00e4\u00e4k Lebel M 1886.<\/p>\n<p>Kollast metallist k\u00e4epide.<\/p>\n","protected":false},"featured_media":16279,"comment_status":"closed","ping_status":"closed","template":"","meta":{"_exactmetrics_skip_tracking":false,"_exactmetrics_sitenote_active":false,"_exactmetrics_sitenote_note":"","_exactmetrics_sitenote_category":0,"_uf_show_specific_survey":0,"_uf_disable_surveys":false},"product_brand":[],"product_cat":[421],"product_tag":[],"class_list":{"0":"post-16278","1":"product","2":"type-product","3":"status-publish","4":"has-post-thumbnail","6":"product_cat-sold-items","7":"product_shipping_class-small-item-0-500-g","9":"first","10":"outofstock","11":"shipping-taxable","12":"product-type-simple"},"aioseo_notices":[],"_links":{"self":[{"href":"https:\/\/thebestantique.com\/et\/wp-json\/wp\/v2\/product\/16278","targetHints":{"allow":["GET"]}}],"collection":[{"href":"https:\/\/thebestantique.com\/et\/wp-json\/wp\/v2\/product"}],"about":[{"href":"https:\/\/thebestantique.com\/et\/wp-json\/wp\/v2\/types\/product"}],"replies":[{"embeddable":true,"href":"https:\/\/thebestantique.com\/et\/wp-json\/wp\/v2\/comments?post=16278"}],"wp:featuredmedia":[{"embeddable":true,"href":"https:\/\/thebestantique.com\/et\/wp-json\/wp\/v2\/media\/16279"}],"wp:attachment":[{"href":"https:\/\/thebestantique.com\/et\/wp-json\/wp\/v2\/media?parent=16278"}],"wp:term":[{"taxonomy":"product_brand","embeddable":true,"href":"https:\/\/thebestantique.com\/et\/wp-json\/wp\/v2\/product_brand?post=16278"},{"taxonomy":"product_cat","embeddable":true,"href":"https:\/\/thebestantique.com\/et\/wp-json\/wp\/v2\/product_cat?post=16278"},{"taxonomy":"product_tag","embeddable":true,"href":"https:\/\/thebestantique.com\/et\/wp-json\/wp\/v2\/product_tag?post=16278"}],"curies":[{"name":"wp","href":"https:\/\/api.w.org\/{rel}","templated":true}]}}