{"id":16240,"date":"2024-11-18T10:32:59","date_gmt":"2024-11-18T08:32:59","guid":{"rendered":"https:\/\/thebestantique.com\/?post_type=product&#038;p=16240"},"modified":"2024-11-18T10:32:59","modified_gmt":"2024-11-18T08:32:59","slug":"silver-knife-with-all-silver-parts-in-a-box","status":"publish","type":"product","link":"https:\/\/thebestantique.com\/et\/product\/silver-knife-with-all-silver-parts-in-a-box\/","title":{"rendered":"H\u00f5be serveerimisnuga karbis"},"content":{"rendered":"<p>H\u00f5be serveerimisnuga karbis, k\u00f5ik osad on h\u00f5bedast.<\/p>\n<ul>\n<li>Pikkus: 20 cm<\/li>\n<li>H\u00f5beda kaal: 52 g<\/li>\n<\/ul>\n<p><\/p>","protected":false},"excerpt":{"rendered":"<p>H\u00f5be serveerimisnuga karbis<\/p>\n","protected":false},"featured_media":16242,"comment_status":"closed","ping_status":"closed","template":"","meta":{"_exactmetrics_skip_tracking":false,"_exactmetrics_sitenote_active":false,"_exactmetrics_sitenote_note":"","_exactmetrics_sitenote_category":0,"_uf_show_specific_survey":0,"_uf_disable_surveys":false},"product_brand":[],"product_cat":[221,6],"product_tag":[2087,2084,2083,2086,2085],"class_list":{"0":"post-16240","1":"product","2":"type-product","3":"status-publish","4":"has-post-thumbnail","6":"product_cat-flatware-and-serving-pieces","7":"product_cat-silver","8":"product_tag-hobe-serveerimisnuga-karbis","9":"product_tag-presented-in-a-box","10":"product_tag-silver-knife-with-all-silver-parts","11":"product_tag-2086","12":"product_tag-2085","13":"product_shipping_class-average-item-500-1500-g","15":"first","16":"instock","17":"shipping-taxable","18":"purchasable","19":"product-type-simple"},"aioseo_notices":[],"_links":{"self":[{"href":"https:\/\/thebestantique.com\/et\/wp-json\/wp\/v2\/product\/16240","targetHints":{"allow":["GET"]}}],"collection":[{"href":"https:\/\/thebestantique.com\/et\/wp-json\/wp\/v2\/product"}],"about":[{"href":"https:\/\/thebestantique.com\/et\/wp-json\/wp\/v2\/types\/product"}],"replies":[{"embeddable":true,"href":"https:\/\/thebestantique.com\/et\/wp-json\/wp\/v2\/comments?post=16240"}],"wp:featuredmedia":[{"embeddable":true,"href":"https:\/\/thebestantique.com\/et\/wp-json\/wp\/v2\/media\/16242"}],"wp:attachment":[{"href":"https:\/\/thebestantique.com\/et\/wp-json\/wp\/v2\/media?parent=16240"}],"wp:term":[{"taxonomy":"product_brand","embeddable":true,"href":"https:\/\/thebestantique.com\/et\/wp-json\/wp\/v2\/product_brand?post=16240"},{"taxonomy":"product_cat","embeddable":true,"href":"https:\/\/thebestantique.com\/et\/wp-json\/wp\/v2\/product_cat?post=16240"},{"taxonomy":"product_tag","embeddable":true,"href":"https:\/\/thebestantique.com\/et\/wp-json\/wp\/v2\/product_tag?post=16240"}],"curies":[{"name":"wp","href":"https:\/\/api.w.org\/{rel}","templated":true}]}}