{"id":16218,"date":"2024-11-15T12:40:48","date_gmt":"2024-11-15T10:40:48","guid":{"rendered":"https:\/\/thebestantique.com\/?post_type=product&#038;p=16218"},"modified":"2024-11-18T17:14:35","modified_gmt":"2024-11-18T15:14:35","slug":"model-1831-french-artillery-sword-with-scabbard","status":"publish","type":"product","link":"https:\/\/thebestantique.com\/et\/product\/model-1831-french-artillery-sword-with-scabbard\/","title":{"rendered":"Mudel 1831 Prantsuse suurt\u00fckim\u00f5\u00f5k koos tupega"},"content":{"rendered":"<p>Mudel 1831 Prantsuse suurt\u00fckim\u00f5\u00f5k koos tupega.<\/p>\n<blockquote><p>M\u00f5\u00f5dud:<br \/>\nKogupikkus: 65,6 cm.<br \/>\nTera pikkus: 49,5 cm.<br \/>\nTera laius p\u00f5hjas: 4,5 cm.<\/p><\/blockquote>\n<p><\/p>","protected":false},"excerpt":{"rendered":"<p>Mudel 1831 Prantsuse suurt\u00fckim\u00f5\u00f5k koos tupega.<\/p>\n","protected":false},"featured_media":16219,"comment_status":"closed","ping_status":"closed","template":"","meta":{"_exactmetrics_skip_tracking":false,"_exactmetrics_sitenote_active":false,"_exactmetrics_sitenote_note":"","_exactmetrics_sitenote_category":0,"_uf_show_specific_survey":0,"_uf_disable_surveys":false},"product_brand":[],"product_cat":[421],"product_tag":[2078],"class_list":{"0":"post-16218","1":"product","2":"type-product","3":"status-publish","4":"has-post-thumbnail","6":"product_cat-sold-items","7":"product_tag-model-1831-french-artillery-sword-with-scabbard","8":"product_shipping_class-average-item-500-1500-g","10":"first","11":"outofstock","12":"shipping-taxable","13":"product-type-simple"},"aioseo_notices":[],"_links":{"self":[{"href":"https:\/\/thebestantique.com\/et\/wp-json\/wp\/v2\/product\/16218","targetHints":{"allow":["GET"]}}],"collection":[{"href":"https:\/\/thebestantique.com\/et\/wp-json\/wp\/v2\/product"}],"about":[{"href":"https:\/\/thebestantique.com\/et\/wp-json\/wp\/v2\/types\/product"}],"replies":[{"embeddable":true,"href":"https:\/\/thebestantique.com\/et\/wp-json\/wp\/v2\/comments?post=16218"}],"wp:featuredmedia":[{"embeddable":true,"href":"https:\/\/thebestantique.com\/et\/wp-json\/wp\/v2\/media\/16219"}],"wp:attachment":[{"href":"https:\/\/thebestantique.com\/et\/wp-json\/wp\/v2\/media?parent=16218"}],"wp:term":[{"taxonomy":"product_brand","embeddable":true,"href":"https:\/\/thebestantique.com\/et\/wp-json\/wp\/v2\/product_brand?post=16218"},{"taxonomy":"product_cat","embeddable":true,"href":"https:\/\/thebestantique.com\/et\/wp-json\/wp\/v2\/product_cat?post=16218"},{"taxonomy":"product_tag","embeddable":true,"href":"https:\/\/thebestantique.com\/et\/wp-json\/wp\/v2\/product_tag?post=16218"}],"curies":[{"name":"wp","href":"https:\/\/api.w.org\/{rel}","templated":true}]}}