{"id":16196,"date":"2024-09-04T10:36:21","date_gmt":"2024-09-04T08:36:21","guid":{"rendered":"https:\/\/thebestantique.com\/?post_type=product&#038;p=16196"},"modified":"2026-03-16T11:50:01","modified_gmt":"2026-03-16T09:50:01","slug":"russian-silver-tea-glass-holder-kubachi","status":"publish","type":"product","link":"https:\/\/thebestantique.com\/et\/product\/russian-silver-tea-glass-holder-kubachi\/","title":{"rendered":"Vene h\u00f5be teeklaasihoidja &#8220;Kubachi&#8221;"},"content":{"rendered":"<p>Vene h\u00f5be teeklaasihoidja &#8220;Kubachi&#8221;. Venemaa, Kubachi. H\u00f5be 875 proov. Niello, kullatud.<\/p>\n<blockquote><p>Kaal: 83,2 g.<br \/>\nK\u00f5rgus: 8,2 cm.<\/p><\/blockquote>\n<p><\/p>","protected":false},"excerpt":{"rendered":"<p>Vene h\u00f5be teeklaasihoidja &#8220;Kubachi&#8221;<\/p>\n","protected":false},"featured_media":16198,"comment_status":"closed","ping_status":"closed","template":"","meta":{"_exactmetrics_skip_tracking":false,"_exactmetrics_sitenote_active":false,"_exactmetrics_sitenote_note":"","_exactmetrics_sitenote_category":0,"_uf_show_specific_survey":0,"_uf_disable_surveys":false},"product_brand":[],"product_cat":[421],"product_tag":[2077,2076,2075],"class_list":{"0":"post-16196","1":"product","2":"type-product","3":"status-publish","4":"has-post-thumbnail","6":"product_cat-sold-items","7":"product_tag-russian-silver-tea-glass-holder-kubachi","8":"product_tag-vene-hobe-teeklaasihoidja-kubachi","9":"product_tag-2075","10":"product_shipping_class-small-item-0-500-g","12":"first","13":"outofstock","14":"shipping-taxable","15":"product-type-simple"},"aioseo_notices":[],"_links":{"self":[{"href":"https:\/\/thebestantique.com\/et\/wp-json\/wp\/v2\/product\/16196","targetHints":{"allow":["GET"]}}],"collection":[{"href":"https:\/\/thebestantique.com\/et\/wp-json\/wp\/v2\/product"}],"about":[{"href":"https:\/\/thebestantique.com\/et\/wp-json\/wp\/v2\/types\/product"}],"replies":[{"embeddable":true,"href":"https:\/\/thebestantique.com\/et\/wp-json\/wp\/v2\/comments?post=16196"}],"wp:featuredmedia":[{"embeddable":true,"href":"https:\/\/thebestantique.com\/et\/wp-json\/wp\/v2\/media\/16198"}],"wp:attachment":[{"href":"https:\/\/thebestantique.com\/et\/wp-json\/wp\/v2\/media?parent=16196"}],"wp:term":[{"taxonomy":"product_brand","embeddable":true,"href":"https:\/\/thebestantique.com\/et\/wp-json\/wp\/v2\/product_brand?post=16196"},{"taxonomy":"product_cat","embeddable":true,"href":"https:\/\/thebestantique.com\/et\/wp-json\/wp\/v2\/product_cat?post=16196"},{"taxonomy":"product_tag","embeddable":true,"href":"https:\/\/thebestantique.com\/et\/wp-json\/wp\/v2\/product_tag?post=16196"}],"curies":[{"name":"wp","href":"https:\/\/api.w.org\/{rel}","templated":true}]}}