{"id":16189,"date":"2024-09-04T10:07:13","date_gmt":"2024-09-04T08:07:13","guid":{"rendered":"https:\/\/thebestantique.com\/?post_type=product&#038;p=16189"},"modified":"2026-03-16T11:50:20","modified_gmt":"2026-03-16T09:50:20","slug":"silver-gilded-cup-holder-kubachi","status":"publish","type":"product","link":"https:\/\/thebestantique.com\/et\/product\/silver-gilded-cup-holder-kubachi\/","title":{"rendered":"Vene h\u00f5be kullatud teeklaasihoidja &#8220;Kubachi&#8221;"},"content":{"rendered":"<p>H\u00f5be kullatud teeklaasihoidja &#8220;Kubachi&#8221;. Venemaa, Kubachi. H\u00f5be 875 proov. Niello, kullatud.<\/p>\n<blockquote><p>Kaal: 77 g.<br \/>\nK\u00f5rgus: 9,5 cm.<\/p><\/blockquote>\n<p><\/p>","protected":false},"excerpt":{"rendered":"<p>H\u00f5be kullatud teeklaasihoidja &#8220;Kubachi&#8221;<\/p>\n","protected":false},"featured_media":16190,"comment_status":"closed","ping_status":"closed","template":"","meta":{"_exactmetrics_skip_tracking":false,"_exactmetrics_sitenote_active":false,"_exactmetrics_sitenote_note":"","_exactmetrics_sitenote_category":0,"_uf_show_specific_survey":0,"_uf_disable_surveys":false},"product_brand":[],"product_cat":[421],"product_tag":[2073,2074],"class_list":{"0":"post-16189","1":"product","2":"type-product","3":"status-publish","4":"has-post-thumbnail","6":"product_cat-sold-items","7":"product_tag-2073","8":"product_tag-2074","9":"product_shipping_class-small-item-0-500-g","11":"first","12":"outofstock","13":"shipping-taxable","14":"product-type-simple"},"aioseo_notices":[],"_links":{"self":[{"href":"https:\/\/thebestantique.com\/et\/wp-json\/wp\/v2\/product\/16189","targetHints":{"allow":["GET"]}}],"collection":[{"href":"https:\/\/thebestantique.com\/et\/wp-json\/wp\/v2\/product"}],"about":[{"href":"https:\/\/thebestantique.com\/et\/wp-json\/wp\/v2\/types\/product"}],"replies":[{"embeddable":true,"href":"https:\/\/thebestantique.com\/et\/wp-json\/wp\/v2\/comments?post=16189"}],"wp:featuredmedia":[{"embeddable":true,"href":"https:\/\/thebestantique.com\/et\/wp-json\/wp\/v2\/media\/16190"}],"wp:attachment":[{"href":"https:\/\/thebestantique.com\/et\/wp-json\/wp\/v2\/media?parent=16189"}],"wp:term":[{"taxonomy":"product_brand","embeddable":true,"href":"https:\/\/thebestantique.com\/et\/wp-json\/wp\/v2\/product_brand?post=16189"},{"taxonomy":"product_cat","embeddable":true,"href":"https:\/\/thebestantique.com\/et\/wp-json\/wp\/v2\/product_cat?post=16189"},{"taxonomy":"product_tag","embeddable":true,"href":"https:\/\/thebestantique.com\/et\/wp-json\/wp\/v2\/product_tag?post=16189"}],"curies":[{"name":"wp","href":"https:\/\/api.w.org\/{rel}","templated":true}]}}