{"id":16186,"date":"2024-09-04T09:33:54","date_gmt":"2024-09-04T07:33:54","guid":{"rendered":"https:\/\/thebestantique.com\/?post_type=product&#038;p=16186"},"modified":"2026-01-15T16:25:24","modified_gmt":"2026-01-15T14:25:24","slug":"silver-875-ladies-evening-purse","status":"publish","type":"product","link":"https:\/\/thebestantique.com\/et\/product\/silver-875-ladies-evening-purse\/","title":{"rendered":"H\u00f5be 875 daami teatrikott"},"content":{"rendered":"<p>H\u00f5be 875 daami graveeringuga teatrikott. H\u00f5be 875 proov, kaboson. L\u00e4ti. Meister: J.B. &#8211; L\u00e4ti, 1919-1940.<\/p>\n<blockquote><p>M\u00f5\u00f5dud: 21 x 9,5 x 1,9 cm.<br \/>\nKaal: 358,4 g.<\/p><\/blockquote>\n<p><\/p>","protected":false},"excerpt":{"rendered":"<p>H\u00f5be 875 daami teatrikott<\/p>\n","protected":false},"featured_media":16171,"comment_status":"closed","ping_status":"closed","template":"","meta":{"_exactmetrics_skip_tracking":false,"_exactmetrics_sitenote_active":false,"_exactmetrics_sitenote_note":"","_exactmetrics_sitenote_category":0,"_uf_show_specific_survey":0,"_uf_disable_surveys":false},"product_brand":[],"product_cat":[421],"product_tag":[2071,2072],"class_list":{"0":"post-16186","1":"product","2":"type-product","3":"status-publish","4":"has-post-thumbnail","6":"product_cat-sold-items","7":"product_tag-2071","8":"product_tag-2072","9":"product_shipping_class-average-item-500-1500-g","11":"first","12":"outofstock","13":"shipping-taxable","14":"product-type-simple"},"aioseo_notices":[],"_links":{"self":[{"href":"https:\/\/thebestantique.com\/et\/wp-json\/wp\/v2\/product\/16186","targetHints":{"allow":["GET"]}}],"collection":[{"href":"https:\/\/thebestantique.com\/et\/wp-json\/wp\/v2\/product"}],"about":[{"href":"https:\/\/thebestantique.com\/et\/wp-json\/wp\/v2\/types\/product"}],"replies":[{"embeddable":true,"href":"https:\/\/thebestantique.com\/et\/wp-json\/wp\/v2\/comments?post=16186"}],"wp:featuredmedia":[{"embeddable":true,"href":"https:\/\/thebestantique.com\/et\/wp-json\/wp\/v2\/media\/16171"}],"wp:attachment":[{"href":"https:\/\/thebestantique.com\/et\/wp-json\/wp\/v2\/media?parent=16186"}],"wp:term":[{"taxonomy":"product_brand","embeddable":true,"href":"https:\/\/thebestantique.com\/et\/wp-json\/wp\/v2\/product_brand?post=16186"},{"taxonomy":"product_cat","embeddable":true,"href":"https:\/\/thebestantique.com\/et\/wp-json\/wp\/v2\/product_cat?post=16186"},{"taxonomy":"product_tag","embeddable":true,"href":"https:\/\/thebestantique.com\/et\/wp-json\/wp\/v2\/product_tag?post=16186"}],"curies":[{"name":"wp","href":"https:\/\/api.w.org\/{rel}","templated":true}]}}