{"id":16177,"date":"2024-09-03T14:22:42","date_gmt":"2024-09-03T12:22:42","guid":{"rendered":"https:\/\/thebestantique.com\/?post_type=product&#038;p=16177"},"modified":"2025-10-15T11:45:45","modified_gmt":"2025-10-15T09:45:45","slug":"russian-silver-goblet-2","status":"publish","type":"product","link":"https:\/\/thebestantique.com\/et\/product\/russian-silver-goblet-2\/","title":{"rendered":"H\u00f5be vene viinapits"},"content":{"rendered":"<p>H\u00f5be vene viinapits. H\u00f5be 84. Venemaa, 1887, Moskva. V.S \u2013 Viktor Savinkov, proovimeister (1855-1888). Tundmatu meistri initsiaalid \u2013 &#8220;?. \u0417.\u0417.&#8221;<\/p>\n<blockquote><p>Kaal: 36,6 g.<br \/>\nK\u00f5rgus: 7 cm.<\/p><\/blockquote>\n<p><\/p>","protected":false},"excerpt":{"rendered":"<p class=\"qtranxs-available-languages-message qtranxs-available-languages-message-et\">Vabandame, see kanne on saadaval ainult %LANG : ja %.<\/p>\n","protected":false},"featured_media":16149,"comment_status":"closed","ping_status":"closed","template":"","meta":{"_exactmetrics_skip_tracking":false,"_exactmetrics_sitenote_active":false,"_exactmetrics_sitenote_note":"","_exactmetrics_sitenote_category":0,"_uf_show_specific_survey":0,"_uf_disable_surveys":false},"product_brand":[],"product_cat":[421],"product_tag":[2065,897,2066,1325,2063,2064],"class_list":{"0":"post-16177","1":"product","2":"type-product","3":"status-publish","4":"has-post-thumbnail","6":"product_cat-sold-items","7":"product_tag-2065","8":"product_tag-897","9":"product_tag-2066","10":"product_tag-1325","11":"product_tag-2063","12":"product_tag-2064","13":"product_shipping_class-small-item-0-500-g","15":"first","16":"outofstock","17":"shipping-taxable","18":"product-type-simple"},"aioseo_notices":[],"_links":{"self":[{"href":"https:\/\/thebestantique.com\/et\/wp-json\/wp\/v2\/product\/16177","targetHints":{"allow":["GET"]}}],"collection":[{"href":"https:\/\/thebestantique.com\/et\/wp-json\/wp\/v2\/product"}],"about":[{"href":"https:\/\/thebestantique.com\/et\/wp-json\/wp\/v2\/types\/product"}],"replies":[{"embeddable":true,"href":"https:\/\/thebestantique.com\/et\/wp-json\/wp\/v2\/comments?post=16177"}],"wp:featuredmedia":[{"embeddable":true,"href":"https:\/\/thebestantique.com\/et\/wp-json\/wp\/v2\/media\/16149"}],"wp:attachment":[{"href":"https:\/\/thebestantique.com\/et\/wp-json\/wp\/v2\/media?parent=16177"}],"wp:term":[{"taxonomy":"product_brand","embeddable":true,"href":"https:\/\/thebestantique.com\/et\/wp-json\/wp\/v2\/product_brand?post=16177"},{"taxonomy":"product_cat","embeddable":true,"href":"https:\/\/thebestantique.com\/et\/wp-json\/wp\/v2\/product_cat?post=16177"},{"taxonomy":"product_tag","embeddable":true,"href":"https:\/\/thebestantique.com\/et\/wp-json\/wp\/v2\/product_tag?post=16177"}],"curies":[{"name":"wp","href":"https:\/\/api.w.org\/{rel}","templated":true}]}}