{"id":16134,"date":"2024-08-30T12:48:40","date_gmt":"2024-08-30T10:48:40","guid":{"rendered":"https:\/\/thebestantique.com\/?post_type=product&#038;p=16134"},"modified":"2024-09-03T12:59:47","modified_gmt":"2024-09-03T10:59:47","slug":"%d1%80%d1%83%d1%81%d1%81%d0%ba%d0%b8%d0%b9-%d0%b8%d0%ba%d0%be%d0%bd%d0%b0-%d1%81-%d0%b8%d0%b7%d0%be%d0%b1%d1%80%d0%b0%d0%b6%d0%b5%d0%bd%d0%b8%d0%b5%d0%bc-%d1%81%d0%b2%d1%8f%d1%82%d1%8b%d1%85-%d0%bc","status":"publish","type":"product","link":"https:\/\/thebestantique.com\/et\/product\/%d1%80%d1%83%d1%81%d1%81%d0%ba%d0%b8%d0%b9-%d0%b8%d0%ba%d0%be%d0%bd%d0%b0-%d1%81-%d0%b8%d0%b7%d0%be%d0%b1%d1%80%d0%b0%d0%b6%d0%b5%d0%bd%d0%b8%d0%b5%d0%bc-%d1%81%d0%b2%d1%8f%d1%82%d1%8b%d1%85-%d0%bc\/","title":{"rendered":"Vene ikoon"},"content":{"rendered":"<p><\/p>\n<div class=\"flex-shrink-0 flex flex-col relative items-end\">\n<div>\n<div class=\"pt-0\">\n<div class=\"gizmo-bot-avatar flex h-8 w-8 items-center justify-center overflow-hidden rounded-full\">\n<div class=\"relative p-1 rounded-sm flex items-center justify-center bg-token-main-surface-primary text-token-text-primary h-8 w-8\">Vene puidust ikoon. P\u00fchad mart\u00fc\u00fcrid Simon, Gurjat ja Avivit. Venemaa, 19. sajandi teine pool. Puit, maalinguga.<\/div>\n<\/div>\n<\/div>\n<\/div>\n<\/div>\n<div class=\"group\/conversation-turn relative flex w-full min-w-0 flex-col agent-turn\">\n<div class=\"flex-col gap-1 md:gap-3\">\n<div class=\"flex max-w-full flex-col flex-grow\">\n<div class=\"min-h-[20px] text-message flex w-full flex-col items-end gap-2 break-words [.text-message+&amp;]:mt-5 overflow-x-auto whitespace-normal\" dir=\"auto\" data-message-author-role=\"assistant\" data-message-id=\"561db98c-b5df-4dea-9922-0e9bb6188503\">\n<div class=\"flex w-full flex-col gap-1 empty:hidden first:pt-[3px]\">\n<div class=\"markdown prose w-full break-words dark:prose-invert light\">\n<blockquote><p>M\u00f5\u00f5tmed: 18 x 14,8 x 2 cm<\/p><\/blockquote>\n<\/div>\n<\/div>\n<\/div>\n<\/div>\n<\/div>\n<\/div>\n<p><\/p>","protected":false},"excerpt":{"rendered":"<p>Vene puidust ikoon P\u00fchadega.<\/p>\n","protected":false},"featured_media":16137,"comment_status":"closed","ping_status":"closed","template":"","meta":{"_exactmetrics_skip_tracking":false,"_exactmetrics_sitenote_active":false,"_exactmetrics_sitenote_note":"","_exactmetrics_sitenote_category":0,"_uf_show_specific_survey":0,"_uf_disable_surveys":false},"product_brand":[],"product_cat":[13],"product_tag":[2058,2056,2055,2054,2057],"class_list":{"0":"post-16134","1":"product","2":"type-product","3":"status-publish","4":"has-post-thumbnail","6":"product_cat-icons","7":"product_tag-russian-icon-of-the-holy-martyrs","8":"product_tag-russian-wooden-icon","9":"product_tag-2055","10":"product_tag-2054","11":"product_tag-2057","12":"product_shipping_class-average-item-500-1500-g","14":"first","15":"instock","16":"shipping-taxable","17":"purchasable","18":"product-type-simple"},"aioseo_notices":[],"_links":{"self":[{"href":"https:\/\/thebestantique.com\/et\/wp-json\/wp\/v2\/product\/16134","targetHints":{"allow":["GET"]}}],"collection":[{"href":"https:\/\/thebestantique.com\/et\/wp-json\/wp\/v2\/product"}],"about":[{"href":"https:\/\/thebestantique.com\/et\/wp-json\/wp\/v2\/types\/product"}],"replies":[{"embeddable":true,"href":"https:\/\/thebestantique.com\/et\/wp-json\/wp\/v2\/comments?post=16134"}],"wp:featuredmedia":[{"embeddable":true,"href":"https:\/\/thebestantique.com\/et\/wp-json\/wp\/v2\/media\/16137"}],"wp:attachment":[{"href":"https:\/\/thebestantique.com\/et\/wp-json\/wp\/v2\/media?parent=16134"}],"wp:term":[{"taxonomy":"product_brand","embeddable":true,"href":"https:\/\/thebestantique.com\/et\/wp-json\/wp\/v2\/product_brand?post=16134"},{"taxonomy":"product_cat","embeddable":true,"href":"https:\/\/thebestantique.com\/et\/wp-json\/wp\/v2\/product_cat?post=16134"},{"taxonomy":"product_tag","embeddable":true,"href":"https:\/\/thebestantique.com\/et\/wp-json\/wp\/v2\/product_tag?post=16134"}],"curies":[{"name":"wp","href":"https:\/\/api.w.org\/{rel}","templated":true}]}}