{"id":16127,"date":"2024-08-30T11:59:25","date_gmt":"2024-08-30T09:59:25","guid":{"rendered":"https:\/\/thebestantique.com\/?post_type=product&#038;p=16127"},"modified":"2026-03-11T16:48:39","modified_gmt":"2026-03-11T14:48:39","slug":"%d1%80%d1%83%d1%81%d1%81%d0%ba%d0%b8%d0%b9-%d0%bc%d0%b0%d0%bb%d0%b5%d0%bd%d1%8c%d0%ba%d0%b0%d1%8f-%d0%b8%d0%ba%d0%be%d0%bd%d0%b0-%d0%b2-%d1%81%d0%b5%d1%80%d0%b5%d0%b1%d1%80%d1%8f%d0%bd%d0%be%d0%bc","status":"publish","type":"product","link":"https:\/\/thebestantique.com\/et\/product\/%d1%80%d1%83%d1%81%d1%81%d0%ba%d0%b8%d0%b9-%d0%bc%d0%b0%d0%bb%d0%b5%d0%bd%d1%8c%d0%ba%d0%b0%d1%8f-%d0%b8%d0%ba%d0%be%d0%bd%d0%b0-%d0%b2-%d1%81%d0%b5%d1%80%d0%b5%d0%b1%d1%80%d1%8f%d0%bd%d0%be%d0%bc\/","title":{"rendered":"Vene v\u00e4ike ikoon h\u00f5beda oklaadiga"},"content":{"rendered":"<p>V\u00e4ike vene ikoon h\u00f5beda oklaadiga. P\u00fcha Aleksei, Jumala mees. H\u00f5be, 84 proov, 1908-1917. Meistriks: D.G. &#8211; Dmitri Andrejevit\u0161 Gorbunov, t\u00f6\u00f6koja omanik, 1883-1908.<\/p>\n<blockquote><p>M\u00f5\u00f5tmed: 7,2 x 5,8 x 0,9 cm.<\/p><\/blockquote>\n<p><\/p>","protected":false},"excerpt":{"rendered":"<p>V\u00e4ike vene ikoon h\u00f5beda oklaadiga<\/p>\n","protected":false},"featured_media":16130,"comment_status":"closed","ping_status":"closed","template":"","meta":{"_exactmetrics_skip_tracking":false,"_exactmetrics_sitenote_active":false,"_exactmetrics_sitenote_note":"","_exactmetrics_sitenote_category":0,"_uf_show_specific_survey":0,"_uf_disable_surveys":false},"product_brand":[],"product_cat":[421],"product_tag":[2053,2052,2051],"class_list":{"0":"post-16127","1":"product","2":"type-product","3":"status-publish","4":"has-post-thumbnail","6":"product_cat-sold-items","7":"product_tag-a-small-russian-icon-in-a-silver-frame","8":"product_tag-small-russian-icon-in-a-silver-frame","9":"product_tag-2051","10":"product_shipping_class-small-item-0-500-g","12":"first","13":"outofstock","14":"shipping-taxable","15":"product-type-simple"},"aioseo_notices":[],"_links":{"self":[{"href":"https:\/\/thebestantique.com\/et\/wp-json\/wp\/v2\/product\/16127","targetHints":{"allow":["GET"]}}],"collection":[{"href":"https:\/\/thebestantique.com\/et\/wp-json\/wp\/v2\/product"}],"about":[{"href":"https:\/\/thebestantique.com\/et\/wp-json\/wp\/v2\/types\/product"}],"replies":[{"embeddable":true,"href":"https:\/\/thebestantique.com\/et\/wp-json\/wp\/v2\/comments?post=16127"}],"wp:featuredmedia":[{"embeddable":true,"href":"https:\/\/thebestantique.com\/et\/wp-json\/wp\/v2\/media\/16130"}],"wp:attachment":[{"href":"https:\/\/thebestantique.com\/et\/wp-json\/wp\/v2\/media?parent=16127"}],"wp:term":[{"taxonomy":"product_brand","embeddable":true,"href":"https:\/\/thebestantique.com\/et\/wp-json\/wp\/v2\/product_brand?post=16127"},{"taxonomy":"product_cat","embeddable":true,"href":"https:\/\/thebestantique.com\/et\/wp-json\/wp\/v2\/product_cat?post=16127"},{"taxonomy":"product_tag","embeddable":true,"href":"https:\/\/thebestantique.com\/et\/wp-json\/wp\/v2\/product_tag?post=16127"}],"curies":[{"name":"wp","href":"https:\/\/api.w.org\/{rel}","templated":true}]}}