{"id":16085,"date":"2024-05-31T08:01:27","date_gmt":"2024-05-31T06:01:27","guid":{"rendered":"https:\/\/thebestantique.com\/?post_type=product&#038;p=16085"},"modified":"2024-05-31T08:05:39","modified_gmt":"2024-05-31T06:05:39","slug":"french-silver-sugar-tongs-with-lion-claw-feet-and-monogram","status":"publish","type":"product","link":"https:\/\/thebestantique.com\/et\/product\/french-silver-sugar-tongs-with-lion-claw-feet-and-monogram\/","title":{"rendered":"Prantsusmaa h\u00f5be suhkrutangid"},"content":{"rendered":"<p>Prantsusmaa h\u00f5be 950 suhkrutangid. Sobib ka j\u00e4\u00e4 ja oliivide serveerimiseks. H\u00f5be: Minerva proov, 950.<\/p>\n<blockquote><p>Kaal: 47,6 g.<br \/>\nPikkus: 15,8 cm.<\/p><\/blockquote>\n<p><\/p>","protected":false},"excerpt":{"rendered":"<p>Prantsusmaa h\u00f5be suhkrutangid<\/p>\n","protected":false},"featured_media":16086,"comment_status":"closed","ping_status":"closed","template":"","meta":{"_exactmetrics_skip_tracking":false,"_exactmetrics_sitenote_active":false,"_exactmetrics_sitenote_note":"","_exactmetrics_sitenote_category":0,"_uf_show_specific_survey":0,"_uf_disable_surveys":false},"product_brand":[],"product_cat":[221,6],"product_tag":[2037,1500,2039,2038],"class_list":{"0":"post-16085","1":"product","2":"type-product","3":"status-publish","4":"has-post-thumbnail","6":"product_cat-flatware-and-serving-pieces","7":"product_cat-silver","8":"product_tag-french-silver-sugar-tongs-with-lion-claw-feet-and-monogram","9":"product_tag-prantsusmaa-hobe-suhkrutangid","10":"product_tag-2039","11":"product_tag-2038","12":"product_shipping_class-small-item-0-500-g","14":"first","15":"instock","16":"shipping-taxable","17":"purchasable","18":"product-type-simple"},"aioseo_notices":[],"_links":{"self":[{"href":"https:\/\/thebestantique.com\/et\/wp-json\/wp\/v2\/product\/16085","targetHints":{"allow":["GET"]}}],"collection":[{"href":"https:\/\/thebestantique.com\/et\/wp-json\/wp\/v2\/product"}],"about":[{"href":"https:\/\/thebestantique.com\/et\/wp-json\/wp\/v2\/types\/product"}],"replies":[{"embeddable":true,"href":"https:\/\/thebestantique.com\/et\/wp-json\/wp\/v2\/comments?post=16085"}],"wp:featuredmedia":[{"embeddable":true,"href":"https:\/\/thebestantique.com\/et\/wp-json\/wp\/v2\/media\/16086"}],"wp:attachment":[{"href":"https:\/\/thebestantique.com\/et\/wp-json\/wp\/v2\/media?parent=16085"}],"wp:term":[{"taxonomy":"product_brand","embeddable":true,"href":"https:\/\/thebestantique.com\/et\/wp-json\/wp\/v2\/product_brand?post=16085"},{"taxonomy":"product_cat","embeddable":true,"href":"https:\/\/thebestantique.com\/et\/wp-json\/wp\/v2\/product_cat?post=16085"},{"taxonomy":"product_tag","embeddable":true,"href":"https:\/\/thebestantique.com\/et\/wp-json\/wp\/v2\/product_tag?post=16085"}],"curies":[{"name":"wp","href":"https:\/\/api.w.org\/{rel}","templated":true}]}}