{"id":16078,"date":"2024-05-30T14:32:50","date_gmt":"2024-05-30T12:32:50","guid":{"rendered":"https:\/\/thebestantique.com\/?post_type=product&#038;p=16078"},"modified":"2025-03-21T14:09:57","modified_gmt":"2025-03-21T12:09:57","slug":"massive-french-silver-sugar-tongs-with-lion-claw-feet-and-monogram","status":"publish","type":"product","link":"https:\/\/thebestantique.com\/et\/product\/massive-french-silver-sugar-tongs-with-lion-claw-feet-and-monogram\/","title":{"rendered":"Prantsusmaa h\u00f5be suhkrutangid"},"content":{"rendered":"<p>Prantsusmaa h\u00f5be suhkrutangid. Sobib ka j\u00e4\u00e4 ja oliivide serveerimiseks. H\u00f5be: Minerva tunnus, 950.<\/p>\n<blockquote><p>H\u00f5beda kaal: 62,2 g.<br \/>\nPikkus: 14,5 cm.<\/p><\/blockquote>\n<p><\/p>","protected":false},"excerpt":{"rendered":"<p>Prantsusmaa h\u00f5be suhkrutangid<\/p>\n","protected":false},"featured_media":16080,"comment_status":"closed","ping_status":"closed","template":"","meta":{"_exactmetrics_skip_tracking":false,"_exactmetrics_sitenote_active":false,"_exactmetrics_sitenote_note":"","_exactmetrics_sitenote_category":0,"_uf_show_specific_survey":0,"_uf_disable_surveys":false},"product_brand":[],"product_cat":[421],"product_tag":[1500,2035,2036],"class_list":{"0":"post-16078","1":"product","2":"type-product","3":"status-publish","4":"has-post-thumbnail","6":"product_cat-sold-items","7":"product_tag-prantsusmaa-hobe-suhkrutangid","8":"product_tag-2035","9":"product_tag-2036","10":"product_shipping_class-small-item-0-500-g","12":"first","13":"outofstock","14":"shipping-taxable","15":"product-type-simple"},"aioseo_notices":[],"_links":{"self":[{"href":"https:\/\/thebestantique.com\/et\/wp-json\/wp\/v2\/product\/16078","targetHints":{"allow":["GET"]}}],"collection":[{"href":"https:\/\/thebestantique.com\/et\/wp-json\/wp\/v2\/product"}],"about":[{"href":"https:\/\/thebestantique.com\/et\/wp-json\/wp\/v2\/types\/product"}],"replies":[{"embeddable":true,"href":"https:\/\/thebestantique.com\/et\/wp-json\/wp\/v2\/comments?post=16078"}],"wp:featuredmedia":[{"embeddable":true,"href":"https:\/\/thebestantique.com\/et\/wp-json\/wp\/v2\/media\/16080"}],"wp:attachment":[{"href":"https:\/\/thebestantique.com\/et\/wp-json\/wp\/v2\/media?parent=16078"}],"wp:term":[{"taxonomy":"product_brand","embeddable":true,"href":"https:\/\/thebestantique.com\/et\/wp-json\/wp\/v2\/product_brand?post=16078"},{"taxonomy":"product_cat","embeddable":true,"href":"https:\/\/thebestantique.com\/et\/wp-json\/wp\/v2\/product_cat?post=16078"},{"taxonomy":"product_tag","embeddable":true,"href":"https:\/\/thebestantique.com\/et\/wp-json\/wp\/v2\/product_tag?post=16078"}],"curies":[{"name":"wp","href":"https:\/\/api.w.org\/{rel}","templated":true}]}}