{"id":16067,"date":"2024-05-30T10:43:07","date_gmt":"2024-05-30T08:43:07","guid":{"rendered":"https:\/\/thebestantique.com\/?post_type=product&#038;p=16067"},"modified":"2026-01-20T15:16:32","modified_gmt":"2026-01-20T13:16:32","slug":"silver-napkin-ring-with-engraving","status":"publish","type":"product","link":"https:\/\/thebestantique.com\/et\/product\/silver-napkin-ring-with-engraving\/","title":{"rendered":"H\u00f5be graveeringuga salvr\u00e4tikur\u00f5ngas"},"content":{"rendered":"<p>H\u00f5be graveeringuga salvr\u00e4tikur\u00f5ngas.<\/p>\n<blockquote><p>Kaal: 40 g.<br \/>\nDiameeter: 4,8 cm.<br \/>\nK\u00f5rgus: 3,8 cm.<\/p><\/blockquote>\n<p><\/p>","protected":false},"excerpt":{"rendered":"<p>H\u00f5be graveeringuga salvr\u00e4tikur\u00f5ngas<\/p>\n","protected":false},"featured_media":16057,"comment_status":"closed","ping_status":"closed","template":"","meta":{"_exactmetrics_skip_tracking":false,"_exactmetrics_sitenote_active":false,"_exactmetrics_sitenote_note":"","_exactmetrics_sitenote_category":0,"_uf_show_specific_survey":0,"_uf_disable_surveys":false},"product_brand":[],"product_cat":[421],"product_tag":[2030,2032,2031],"class_list":{"0":"post-16067","1":"product","2":"type-product","3":"status-publish","4":"has-post-thumbnail","6":"product_cat-sold-items","7":"product_tag-silver-napkin-ring-with-engraving","8":"product_tag-2032","9":"product_tag-2031","10":"product_shipping_class-small-item-0-500-g","12":"first","13":"outofstock","14":"shipping-taxable","15":"purchasable","16":"product-type-simple"},"aioseo_notices":[],"_links":{"self":[{"href":"https:\/\/thebestantique.com\/et\/wp-json\/wp\/v2\/product\/16067","targetHints":{"allow":["GET"]}}],"collection":[{"href":"https:\/\/thebestantique.com\/et\/wp-json\/wp\/v2\/product"}],"about":[{"href":"https:\/\/thebestantique.com\/et\/wp-json\/wp\/v2\/types\/product"}],"replies":[{"embeddable":true,"href":"https:\/\/thebestantique.com\/et\/wp-json\/wp\/v2\/comments?post=16067"}],"wp:featuredmedia":[{"embeddable":true,"href":"https:\/\/thebestantique.com\/et\/wp-json\/wp\/v2\/media\/16057"}],"wp:attachment":[{"href":"https:\/\/thebestantique.com\/et\/wp-json\/wp\/v2\/media?parent=16067"}],"wp:term":[{"taxonomy":"product_brand","embeddable":true,"href":"https:\/\/thebestantique.com\/et\/wp-json\/wp\/v2\/product_brand?post=16067"},{"taxonomy":"product_cat","embeddable":true,"href":"https:\/\/thebestantique.com\/et\/wp-json\/wp\/v2\/product_cat?post=16067"},{"taxonomy":"product_tag","embeddable":true,"href":"https:\/\/thebestantique.com\/et\/wp-json\/wp\/v2\/product_tag?post=16067"}],"curies":[{"name":"wp","href":"https:\/\/api.w.org\/{rel}","templated":true}]}}