{"id":16054,"date":"2024-05-28T15:07:55","date_gmt":"2024-05-28T13:07:55","guid":{"rendered":"https:\/\/thebestantique.com\/?post_type=product&#038;p=16054"},"modified":"2024-05-30T10:28:05","modified_gmt":"2024-05-30T08:28:05","slug":"massive-silver-napkin-ring-with-engraving","status":"publish","type":"product","link":"https:\/\/thebestantique.com\/et\/product\/massive-silver-napkin-ring-with-engraving\/","title":{"rendered":"Massiivne h\u00f5bedast graveeringuga salvr\u00e4tikur\u00f5ngas"},"content":{"rendered":"<p>Massiivne h\u00f5bedast graveeringuga salvr\u00e4tikur\u00f5ngas.<\/p>\n<blockquote><p>Kaal: 79 g.<br \/>\nK\u00f5rgus: 3,8 cm.<br \/>\nDiameeter: 5,5 cm.<\/p><\/blockquote>\n<p><\/p>","protected":false},"excerpt":{"rendered":"<p>Massiivne h\u00f5bedast graveeringuga salvr\u00e4tikur\u00f5ngas.<\/p>\n","protected":false},"featured_media":16059,"comment_status":"closed","ping_status":"closed","template":"","meta":{"_exactmetrics_skip_tracking":false,"_exactmetrics_sitenote_active":false,"_exactmetrics_sitenote_note":"","_exactmetrics_sitenote_category":0,"_uf_show_specific_survey":0,"_uf_disable_surveys":false},"product_brand":[],"product_cat":[221,6],"product_tag":[2027,2028],"class_list":{"0":"post-16054","1":"product","2":"type-product","3":"status-publish","4":"has-post-thumbnail","6":"product_cat-flatware-and-serving-pieces","7":"product_cat-silver","8":"product_tag-massive-silver-napkin-ring-with-engraving","9":"product_tag-2028","10":"product_shipping_class-small-item-0-500-g","12":"first","13":"instock","14":"shipping-taxable","15":"purchasable","16":"product-type-simple"},"aioseo_notices":[],"_links":{"self":[{"href":"https:\/\/thebestantique.com\/et\/wp-json\/wp\/v2\/product\/16054","targetHints":{"allow":["GET"]}}],"collection":[{"href":"https:\/\/thebestantique.com\/et\/wp-json\/wp\/v2\/product"}],"about":[{"href":"https:\/\/thebestantique.com\/et\/wp-json\/wp\/v2\/types\/product"}],"replies":[{"embeddable":true,"href":"https:\/\/thebestantique.com\/et\/wp-json\/wp\/v2\/comments?post=16054"}],"wp:featuredmedia":[{"embeddable":true,"href":"https:\/\/thebestantique.com\/et\/wp-json\/wp\/v2\/media\/16059"}],"wp:attachment":[{"href":"https:\/\/thebestantique.com\/et\/wp-json\/wp\/v2\/media?parent=16054"}],"wp:term":[{"taxonomy":"product_brand","embeddable":true,"href":"https:\/\/thebestantique.com\/et\/wp-json\/wp\/v2\/product_brand?post=16054"},{"taxonomy":"product_cat","embeddable":true,"href":"https:\/\/thebestantique.com\/et\/wp-json\/wp\/v2\/product_cat?post=16054"},{"taxonomy":"product_tag","embeddable":true,"href":"https:\/\/thebestantique.com\/et\/wp-json\/wp\/v2\/product_tag?post=16054"}],"curies":[{"name":"wp","href":"https:\/\/api.w.org\/{rel}","templated":true}]}}