{"id":16022,"date":"2024-04-17T13:21:05","date_gmt":"2024-04-17T11:21:05","guid":{"rendered":"https:\/\/thebestantique.com\/?post_type=product&#038;p=16022"},"modified":"2024-04-17T13:29:04","modified_gmt":"2024-04-17T11:29:04","slug":"french-elegant-silver-sugar-tongs","status":"publish","type":"product","link":"https:\/\/thebestantique.com\/et\/product\/french-elegant-silver-sugar-tongs\/","title":{"rendered":"Prantsusmaa h\u00f5be\u00a0suhkrutangid"},"content":{"rendered":"<p>Prantsusmaa h\u00f5be suhkrutangid. Meister: Berthier Philippe, 1841a. Sobib ka j\u00e4\u00e4 ja oliivide serveerimiseks. H\u00f5be: Minerva, 950 .<\/p>\n<blockquote><p>Kaal: 38 g.<br \/>\nPikkus: 17 cm.<\/p><\/blockquote>\n<p><\/p>","protected":false},"excerpt":{"rendered":"<p>Prantsusmaa h\u00f5be suhkrutangid<\/p>\n","protected":false},"featured_media":16027,"comment_status":"closed","ping_status":"closed","template":"","meta":{"_exactmetrics_skip_tracking":false,"_exactmetrics_sitenote_active":false,"_exactmetrics_sitenote_note":"","_exactmetrics_sitenote_category":0,"_uf_show_specific_survey":0,"_uf_disable_surveys":false},"product_brand":[],"product_cat":[221,6],"product_tag":[2021,2020,2022],"class_list":{"0":"post-16022","1":"product","2":"type-product","3":"status-publish","4":"has-post-thumbnail","6":"product_cat-flatware-and-serving-pieces","7":"product_cat-silver","8":"product_tag-french-elegant-silver-sugar-tongs-in-the-shape-of-a-lions-paws","9":"product_tag-prantsusmaa-elegantsed-hobe-suhkrutangid","10":"product_tag-2022","11":"product_shipping_class-small-item-0-500-g","13":"first","14":"instock","15":"shipping-taxable","16":"purchasable","17":"product-type-simple"},"aioseo_notices":[],"_links":{"self":[{"href":"https:\/\/thebestantique.com\/et\/wp-json\/wp\/v2\/product\/16022","targetHints":{"allow":["GET"]}}],"collection":[{"href":"https:\/\/thebestantique.com\/et\/wp-json\/wp\/v2\/product"}],"about":[{"href":"https:\/\/thebestantique.com\/et\/wp-json\/wp\/v2\/types\/product"}],"replies":[{"embeddable":true,"href":"https:\/\/thebestantique.com\/et\/wp-json\/wp\/v2\/comments?post=16022"}],"wp:featuredmedia":[{"embeddable":true,"href":"https:\/\/thebestantique.com\/et\/wp-json\/wp\/v2\/media\/16027"}],"wp:attachment":[{"href":"https:\/\/thebestantique.com\/et\/wp-json\/wp\/v2\/media?parent=16022"}],"wp:term":[{"taxonomy":"product_brand","embeddable":true,"href":"https:\/\/thebestantique.com\/et\/wp-json\/wp\/v2\/product_brand?post=16022"},{"taxonomy":"product_cat","embeddable":true,"href":"https:\/\/thebestantique.com\/et\/wp-json\/wp\/v2\/product_cat?post=16022"},{"taxonomy":"product_tag","embeddable":true,"href":"https:\/\/thebestantique.com\/et\/wp-json\/wp\/v2\/product_tag?post=16022"}],"curies":[{"name":"wp","href":"https:\/\/api.w.org\/{rel}","templated":true}]}}