{"id":16011,"date":"2024-04-17T12:46:36","date_gmt":"2024-04-17T10:46:36","guid":{"rendered":"https:\/\/thebestantique.com\/?post_type=product&#038;p=16011"},"modified":"2025-01-02T12:15:33","modified_gmt":"2025-01-02T10:15:33","slug":"french-elegant-silver-sugar-tongs-lions-claw","status":"publish","type":"product","link":"https:\/\/thebestantique.com\/et\/product\/french-elegant-silver-sugar-tongs-lions-claw\/","title":{"rendered":"Prantsusmaa elegantsed h\u00f5be suhkrutangid"},"content":{"rendered":"<p>Prantsuse elegantsed h\u00f5be l\u00f5vik\u00e4ppade kujulised suhkrutangid. Sobib\u00a0 j\u00e4\u00e4 ja oliivide serveerimiseks. H\u00f5be: Minerva h\u00f5beda proov, 950.<\/p>\n<blockquote><p>Kaal: 30 g.<br \/>\nPikkus: 11,5 cm.<\/p><\/blockquote>\n<p><\/p>","protected":false},"excerpt":{"rendered":"<p>Prantsusmaa elegantsed h\u00f5be suhkrutangid<\/p>\n","protected":false},"featured_media":16017,"comment_status":"closed","ping_status":"closed","template":"","meta":{"_exactmetrics_skip_tracking":false,"_exactmetrics_sitenote_active":false,"_exactmetrics_sitenote_note":"","_exactmetrics_sitenote_category":0,"_uf_show_specific_survey":0,"_uf_disable_surveys":false},"product_brand":[],"product_cat":[421],"product_tag":[2016,2018,2017,2020,2019],"class_list":{"0":"post-16011","1":"product","2":"type-product","3":"status-publish","4":"has-post-thumbnail","6":"product_cat-sold-items","7":"product_tag-french-elegant-silver-sugar-tongs","8":"product_tag-french-elegant-silver-sugar-tongs-with-lion-claw-feet","9":"product_tag-lions-claw","10":"product_tag-prantsusmaa-elegantsed-hobe-suhkrutangid","11":"product_tag-2019","12":"product_shipping_class-small-item-0-500-g","14":"first","15":"outofstock","16":"shipping-taxable","17":"product-type-simple"},"aioseo_notices":[],"_links":{"self":[{"href":"https:\/\/thebestantique.com\/et\/wp-json\/wp\/v2\/product\/16011","targetHints":{"allow":["GET"]}}],"collection":[{"href":"https:\/\/thebestantique.com\/et\/wp-json\/wp\/v2\/product"}],"about":[{"href":"https:\/\/thebestantique.com\/et\/wp-json\/wp\/v2\/types\/product"}],"replies":[{"embeddable":true,"href":"https:\/\/thebestantique.com\/et\/wp-json\/wp\/v2\/comments?post=16011"}],"wp:featuredmedia":[{"embeddable":true,"href":"https:\/\/thebestantique.com\/et\/wp-json\/wp\/v2\/media\/16017"}],"wp:attachment":[{"href":"https:\/\/thebestantique.com\/et\/wp-json\/wp\/v2\/media?parent=16011"}],"wp:term":[{"taxonomy":"product_brand","embeddable":true,"href":"https:\/\/thebestantique.com\/et\/wp-json\/wp\/v2\/product_brand?post=16011"},{"taxonomy":"product_cat","embeddable":true,"href":"https:\/\/thebestantique.com\/et\/wp-json\/wp\/v2\/product_cat?post=16011"},{"taxonomy":"product_tag","embeddable":true,"href":"https:\/\/thebestantique.com\/et\/wp-json\/wp\/v2\/product_tag?post=16011"}],"curies":[{"name":"wp","href":"https:\/\/api.w.org\/{rel}","templated":true}]}}