{"id":15994,"date":"2024-04-16T12:37:09","date_gmt":"2024-04-16T10:37:09","guid":{"rendered":"https:\/\/thebestantique.com\/?post_type=product&#038;p=15994"},"modified":"2024-04-29T08:34:37","modified_gmt":"2024-04-29T06:34:37","slug":"an-austrian-hunting-sword-for-an-imperial-and-royal-forest-warden-model-1890y","status":"publish","type":"product","link":"https:\/\/thebestantique.com\/et\/product\/an-austrian-hunting-sword-for-an-imperial-and-royal-forest-warden-model-1890y\/","title":{"rendered":"Austria jahim\u00f5\u00f5k keiserlikule ja kuninglikule metsa\u00fclemale, mudel 1890 a."},"content":{"rendered":"<p>Austria jahim\u00f5\u00f5k keiserlikule ja kuninglikule metsa\u00fclemale, mudel 1890 a.<br \/>\nValmistaja m\u00e4rk &#8220;Weyersberg &amp; Stamm Solingen&#8221;, kergelt plekiline.<br \/>\nMessingist k\u00e4epide kaunistatud k\u00f5rgendatud tammelehtedega, kaitseplaadil kahep\u00e4ine kotkas.<br \/>\nMust nahast tupp.<\/p>\n<blockquote><p>M\u00f5\u00f5dud:<br \/>\nKogupikkus: 77 cm.<br \/>\nTera pikkus: 62,7 cm.<br \/>\nTera laius: 2,9 cm.<\/p><\/blockquote>\n<p><\/p>","protected":false},"excerpt":{"rendered":"<p>Austria jahim\u00f5\u00f5k keiserlikule ja kuninglikule metsa\u00fclemale, mudel 1890 a.<br \/>\nValmistaja m\u00e4rk &#8220;Weyersberg &amp; Stamm Solingen&#8221;, kergelt plekiline.<br \/>\nMessingist k\u00e4epide kaunistatud k\u00f5rgendatud tammelehtedega, kaitseplaadil kahep\u00e4ine kotkas.<br \/>\nMust nahast tupp.<\/p>\n","protected":false},"featured_media":15995,"comment_status":"closed","ping_status":"closed","template":"","meta":{"_exactmetrics_skip_tracking":false,"_exactmetrics_sitenote_active":false,"_exactmetrics_sitenote_note":"","_exactmetrics_sitenote_category":0,"_uf_show_specific_survey":0,"_uf_disable_surveys":false},"product_brand":[],"product_cat":[421],"product_tag":[],"class_list":{"0":"post-15994","1":"product","2":"type-product","3":"status-publish","4":"has-post-thumbnail","6":"product_cat-sold-items","7":"product_shipping_class-fedex-tube","9":"first","10":"outofstock","11":"sold-individually","12":"shipping-taxable","13":"product-type-simple"},"aioseo_notices":[],"_links":{"self":[{"href":"https:\/\/thebestantique.com\/et\/wp-json\/wp\/v2\/product\/15994","targetHints":{"allow":["GET"]}}],"collection":[{"href":"https:\/\/thebestantique.com\/et\/wp-json\/wp\/v2\/product"}],"about":[{"href":"https:\/\/thebestantique.com\/et\/wp-json\/wp\/v2\/types\/product"}],"replies":[{"embeddable":true,"href":"https:\/\/thebestantique.com\/et\/wp-json\/wp\/v2\/comments?post=15994"}],"wp:featuredmedia":[{"embeddable":true,"href":"https:\/\/thebestantique.com\/et\/wp-json\/wp\/v2\/media\/15995"}],"wp:attachment":[{"href":"https:\/\/thebestantique.com\/et\/wp-json\/wp\/v2\/media?parent=15994"}],"wp:term":[{"taxonomy":"product_brand","embeddable":true,"href":"https:\/\/thebestantique.com\/et\/wp-json\/wp\/v2\/product_brand?post=15994"},{"taxonomy":"product_cat","embeddable":true,"href":"https:\/\/thebestantique.com\/et\/wp-json\/wp\/v2\/product_cat?post=15994"},{"taxonomy":"product_tag","embeddable":true,"href":"https:\/\/thebestantique.com\/et\/wp-json\/wp\/v2\/product_tag?post=15994"}],"curies":[{"name":"wp","href":"https:\/\/api.w.org\/{rel}","templated":true}]}}