{"id":15967,"date":"2024-04-09T11:22:39","date_gmt":"2024-04-09T09:22:39","guid":{"rendered":"https:\/\/thebestantique.com\/?post_type=product&#038;p=15967"},"modified":"2025-03-10T12:15:33","modified_gmt":"2025-03-10T10:15:33","slug":"russian-silver-goblet","status":"publish","type":"product","link":"https:\/\/thebestantique.com\/et\/product\/russian-silver-goblet\/","title":{"rendered":"Vene Impeeriumi h\u00f5be lillevaas"},"content":{"rendered":"<p>Vene h\u00f5be\u00a0 lillevaas. Vene Impeerium, 1899-1908aa. H\u00f5be proov 84, graveeritud lillemotiividega. Moskva\u00a0 ringkonnajuhi Ivan Sergejevit\u0161 Lebedkini initsiaalidega tempel, t\u00f6\u00f6tas al. 1899.<\/p>\n<blockquote><p>K\u00f5rgus: 23,5 cm.<br \/>\nDiameeter: 9,6 cm.<br \/>\nKaal: 354 g.<\/p><\/blockquote>\n<p><\/p>","protected":false},"excerpt":{"rendered":"<p>Vene Impeeriumi h\u00f5be vaas<\/p>\n","protected":false},"featured_media":15983,"comment_status":"closed","ping_status":"closed","template":"","meta":{"_exactmetrics_skip_tracking":false,"_exactmetrics_sitenote_active":false,"_exactmetrics_sitenote_note":"","_exactmetrics_sitenote_category":0,"_uf_show_specific_survey":0,"_uf_disable_surveys":false},"product_brand":[],"product_cat":[421],"product_tag":[2012,2014,2009,2010,2011,2013],"class_list":{"0":"post-15967","1":"product","2":"type-product","3":"status-publish","4":"has-post-thumbnail","6":"product_cat-sold-items","7":"product_tag-1899-1908-","8":"product_tag-russian-empire-silver-flower-vase","9":"product_tag-russian-silver-goblet","10":"product_tag-silver-hallmar-1898-1908-unknown-manufacturer-of-the-russian-empire","11":"product_tag-2011","12":"product_tag-2013","13":"product_shipping_class-average-item-500-1500-g","15":"first","16":"outofstock","17":"shipping-taxable","18":"product-type-simple"},"aioseo_notices":[],"_links":{"self":[{"href":"https:\/\/thebestantique.com\/et\/wp-json\/wp\/v2\/product\/15967","targetHints":{"allow":["GET"]}}],"collection":[{"href":"https:\/\/thebestantique.com\/et\/wp-json\/wp\/v2\/product"}],"about":[{"href":"https:\/\/thebestantique.com\/et\/wp-json\/wp\/v2\/types\/product"}],"replies":[{"embeddable":true,"href":"https:\/\/thebestantique.com\/et\/wp-json\/wp\/v2\/comments?post=15967"}],"wp:featuredmedia":[{"embeddable":true,"href":"https:\/\/thebestantique.com\/et\/wp-json\/wp\/v2\/media\/15983"}],"wp:attachment":[{"href":"https:\/\/thebestantique.com\/et\/wp-json\/wp\/v2\/media?parent=15967"}],"wp:term":[{"taxonomy":"product_brand","embeddable":true,"href":"https:\/\/thebestantique.com\/et\/wp-json\/wp\/v2\/product_brand?post=15967"},{"taxonomy":"product_cat","embeddable":true,"href":"https:\/\/thebestantique.com\/et\/wp-json\/wp\/v2\/product_cat?post=15967"},{"taxonomy":"product_tag","embeddable":true,"href":"https:\/\/thebestantique.com\/et\/wp-json\/wp\/v2\/product_tag?post=15967"}],"curies":[{"name":"wp","href":"https:\/\/api.w.org\/{rel}","templated":true}]}}