{"id":15946,"date":"2024-04-05T08:56:15","date_gmt":"2024-04-05T06:56:15","guid":{"rendered":"https:\/\/thebestantique.com\/?post_type=product&#038;p=15946"},"modified":"2024-04-16T22:15:59","modified_gmt":"2024-04-16T20:15:59","slug":"rare-wwii-japanese-general-grade-court-sword","status":"publish","type":"product","link":"https:\/\/thebestantique.com\/et\/product\/rare-wwii-japanese-general-grade-court-sword\/","title":{"rendered":"WWII harva esinev Jaapani kindrali m\u00f5\u00f5k\/epee"},"content":{"rendered":"<p>WWII harva esinev Jaapani kindrali m\u00f5\u00f5k\/epee . Antud m\u00f5\u00f5k on illustreeritud Jim Dawsoni raamatus &#8220;Imperial Japan 1868-1945&#8221;. K\u00e4epide on valmistatud kilpkonnaluust, mis viitab k\u00f5rgemale aukraadile. K\u00e4epide \u00fcmber on messingist traat, reljeefne ornament, tera graveeringuga. Jaapan, 20. sajand<\/p>\n<blockquote><p>\u00dcldpikkus: 77,5 cm.<br \/>\nTera pikkus: 60 cm.<\/p><\/blockquote>\n<p><\/p>","protected":false},"excerpt":{"rendered":"<p>WWII harva esinev Jaapani kindrali m\u00f5\u00f5k\/epee<\/p>\n","protected":false},"featured_media":15949,"comment_status":"closed","ping_status":"closed","template":"","meta":{"_exactmetrics_skip_tracking":false,"_exactmetrics_sitenote_active":false,"_exactmetrics_sitenote_note":"","_exactmetrics_sitenote_category":0,"_uf_show_specific_survey":0,"_uf_disable_surveys":false},"product_brand":[],"product_cat":[421],"product_tag":[2001,2008,2002,2005,1543,2006,2004,2007],"class_list":{"0":"post-15946","1":"product","2":"type-product","3":"status-publish","4":"has-post-thumbnail","6":"product_cat-sold-items","7":"product_tag-rare-wwii-japanese-general-grade-court-sword","8":"product_tag-wwii-harva-esinev-jaapani-kindrali-mook-epee","9":"product_tag-wwii-shin-gunto","10":"product_tag-2005","11":"product_tag-1543","12":"product_tag-2006","13":"product_tag-2004","14":"product_tag-2007","15":"product_shipping_class-big-item-1500-3000-g","17":"first","18":"outofstock","19":"shipping-taxable","20":"product-type-simple"},"aioseo_notices":[],"_links":{"self":[{"href":"https:\/\/thebestantique.com\/et\/wp-json\/wp\/v2\/product\/15946","targetHints":{"allow":["GET"]}}],"collection":[{"href":"https:\/\/thebestantique.com\/et\/wp-json\/wp\/v2\/product"}],"about":[{"href":"https:\/\/thebestantique.com\/et\/wp-json\/wp\/v2\/types\/product"}],"replies":[{"embeddable":true,"href":"https:\/\/thebestantique.com\/et\/wp-json\/wp\/v2\/comments?post=15946"}],"wp:featuredmedia":[{"embeddable":true,"href":"https:\/\/thebestantique.com\/et\/wp-json\/wp\/v2\/media\/15949"}],"wp:attachment":[{"href":"https:\/\/thebestantique.com\/et\/wp-json\/wp\/v2\/media?parent=15946"}],"wp:term":[{"taxonomy":"product_brand","embeddable":true,"href":"https:\/\/thebestantique.com\/et\/wp-json\/wp\/v2\/product_brand?post=15946"},{"taxonomy":"product_cat","embeddable":true,"href":"https:\/\/thebestantique.com\/et\/wp-json\/wp\/v2\/product_cat?post=15946"},{"taxonomy":"product_tag","embeddable":true,"href":"https:\/\/thebestantique.com\/et\/wp-json\/wp\/v2\/product_tag?post=15946"}],"curies":[{"name":"wp","href":"https:\/\/api.w.org\/{rel}","templated":true}]}}