{"id":15938,"date":"2024-04-04T15:27:02","date_gmt":"2024-04-04T13:27:02","guid":{"rendered":"https:\/\/thebestantique.com\/?post_type=product&#038;p=15938"},"modified":"2024-07-08T14:16:26","modified_gmt":"2024-07-08T12:16:26","slug":"a-soviet-air-force-officer-dress-dagger-dated-1949-serial-number-1143","status":"publish","type":"product","link":"https:\/\/thebestantique.com\/et\/product\/a-soviet-air-force-officer-dress-dagger-dated-1949-serial-number-1143\/","title":{"rendered":"N\u00f5ukogude \u00f5huv\u00e4e ohvitseri pistoda, dateeritud 1949, seerianumber\u00a0N1143."},"content":{"rendered":"<p>N\u00f5ukogude \u00f5huv\u00e4e ohvitseri pistoda, dateeritud 1949, seerianumber\u00a0N1143.<\/p>\n<p>\u00dcldine seisukord t\u00e4nu vanusele hea.<\/p>\n<blockquote><p>M\u00f5\u00f5dud:<br \/>\nKogupikkus: 33,7 cm.<br \/>\nTera pikkus: 21,3 cm.<br \/>\nTera laius: 1,3 cm.<\/p><\/blockquote>\n<p><\/p>","protected":false},"excerpt":{"rendered":"<p>N\u00f5ukogude \u00f5huv\u00e4e ohvitseri pistoda, dateeritud 1949, seerianumber\u00a0N1143.<\/p>\n<p>\u00dcldine seisukord t\u00e4nu vanusele hea.<\/p>\n","protected":false},"featured_media":15944,"comment_status":"closed","ping_status":"closed","template":"","meta":{"_exactmetrics_skip_tracking":false,"_exactmetrics_sitenote_active":false,"_exactmetrics_sitenote_note":"","_exactmetrics_sitenote_category":0,"_uf_show_specific_survey":0,"_uf_disable_surveys":false},"product_brand":[],"product_cat":[421],"product_tag":[],"class_list":{"0":"post-15938","1":"product","2":"type-product","3":"status-publish","4":"has-post-thumbnail","6":"product_cat-sold-items","7":"product_shipping_class-small-item-0-500-g","9":"first","10":"outofstock","11":"shipping-taxable","12":"product-type-simple"},"aioseo_notices":[],"_links":{"self":[{"href":"https:\/\/thebestantique.com\/et\/wp-json\/wp\/v2\/product\/15938","targetHints":{"allow":["GET"]}}],"collection":[{"href":"https:\/\/thebestantique.com\/et\/wp-json\/wp\/v2\/product"}],"about":[{"href":"https:\/\/thebestantique.com\/et\/wp-json\/wp\/v2\/types\/product"}],"replies":[{"embeddable":true,"href":"https:\/\/thebestantique.com\/et\/wp-json\/wp\/v2\/comments?post=15938"}],"wp:featuredmedia":[{"embeddable":true,"href":"https:\/\/thebestantique.com\/et\/wp-json\/wp\/v2\/media\/15944"}],"wp:attachment":[{"href":"https:\/\/thebestantique.com\/et\/wp-json\/wp\/v2\/media?parent=15938"}],"wp:term":[{"taxonomy":"product_brand","embeddable":true,"href":"https:\/\/thebestantique.com\/et\/wp-json\/wp\/v2\/product_brand?post=15938"},{"taxonomy":"product_cat","embeddable":true,"href":"https:\/\/thebestantique.com\/et\/wp-json\/wp\/v2\/product_cat?post=15938"},{"taxonomy":"product_tag","embeddable":true,"href":"https:\/\/thebestantique.com\/et\/wp-json\/wp\/v2\/product_tag?post=15938"}],"curies":[{"name":"wp","href":"https:\/\/api.w.org\/{rel}","templated":true}]}}