{"id":15899,"date":"2024-03-28T13:46:36","date_gmt":"2024-03-28T11:46:36","guid":{"rendered":"https:\/\/thebestantique.com\/?post_type=product&#038;p=15899"},"modified":"2024-05-17T11:16:08","modified_gmt":"2024-05-17T09:16:08","slug":"silver-thimble","status":"publish","type":"product","link":"https:\/\/thebestantique.com\/et\/product\/silver-thimble\/","title":{"rendered":"S\u00f5rmk\u00fcbar h\u00f5be"},"content":{"rendered":"<p>S\u00f5rmk\u00fcbar h\u00f5be, verminguga.<\/p>\n<blockquote><p>Kaal: 5.3 g.<br \/>\nK\u00f5rgus: 2.5 cm.<\/p><\/blockquote>\n<p><\/p>","protected":false},"excerpt":{"rendered":"<p>S\u00f5rmk\u00fcbar h\u00f5be<\/p>\n","protected":false},"featured_media":15903,"comment_status":"closed","ping_status":"closed","template":"","meta":{"_exactmetrics_skip_tracking":false,"_exactmetrics_sitenote_active":false,"_exactmetrics_sitenote_note":"","_exactmetrics_sitenote_category":0,"_uf_show_specific_survey":0,"_uf_disable_surveys":false},"product_brand":[],"product_cat":[421],"product_tag":[1993,1992,1994,1995],"class_list":{"0":"post-15899","1":"product","2":"type-product","3":"status-publish","4":"has-post-thumbnail","6":"product_cat-sold-items","7":"product_tag-silver-thimble","8":"product_tag-sormkubar-hobe","9":"product_tag-1994","10":"product_tag-1995","11":"product_shipping_class-small-item-0-500-g","13":"first","14":"outofstock","15":"shipping-taxable","16":"product-type-simple"},"aioseo_notices":[],"_links":{"self":[{"href":"https:\/\/thebestantique.com\/et\/wp-json\/wp\/v2\/product\/15899","targetHints":{"allow":["GET"]}}],"collection":[{"href":"https:\/\/thebestantique.com\/et\/wp-json\/wp\/v2\/product"}],"about":[{"href":"https:\/\/thebestantique.com\/et\/wp-json\/wp\/v2\/types\/product"}],"replies":[{"embeddable":true,"href":"https:\/\/thebestantique.com\/et\/wp-json\/wp\/v2\/comments?post=15899"}],"wp:featuredmedia":[{"embeddable":true,"href":"https:\/\/thebestantique.com\/et\/wp-json\/wp\/v2\/media\/15903"}],"wp:attachment":[{"href":"https:\/\/thebestantique.com\/et\/wp-json\/wp\/v2\/media?parent=15899"}],"wp:term":[{"taxonomy":"product_brand","embeddable":true,"href":"https:\/\/thebestantique.com\/et\/wp-json\/wp\/v2\/product_brand?post=15899"},{"taxonomy":"product_cat","embeddable":true,"href":"https:\/\/thebestantique.com\/et\/wp-json\/wp\/v2\/product_cat?post=15899"},{"taxonomy":"product_tag","embeddable":true,"href":"https:\/\/thebestantique.com\/et\/wp-json\/wp\/v2\/product_tag?post=15899"}],"curies":[{"name":"wp","href":"https:\/\/api.w.org\/{rel}","templated":true}]}}