{"id":15887,"date":"2024-03-26T15:52:12","date_gmt":"2024-03-26T13:52:12","guid":{"rendered":"https:\/\/thebestantique.com\/?post_type=product&#038;p=15887"},"modified":"2024-03-26T16:22:37","modified_gmt":"2024-03-26T14:22:37","slug":"eesti-puidust-nikerdatud-kasitoo-mehe-kuju","status":"publish","type":"product","link":"https:\/\/thebestantique.com\/et\/product\/eesti-puidust-nikerdatud-kasitoo-mehe-kuju\/","title":{"rendered":"Suur puidust nikerdatud k\u00e4sit\u00f6\u00f6 mehe kuju\u00a0"},"content":{"rendered":"<p><\/p>\n<p class=\"GW0XC indIKd cS4Vcb-pGL6qe-fwJd0c\">Suur puidust nikerdatud k\u00e4sit\u00f6\u00f6 \u00f5lle tassiga mehe kuju. Hea lahendus pubi\/baari kujundamiseks.<\/p>\n<blockquote><p>K\u00f5rgus: 77 cm.<\/p><\/blockquote>\n<p><\/p>","protected":false},"excerpt":{"rendered":"<p>Puidust nikerdatud k\u00e4sit\u00f6\u00f6 mehe kuju<\/p>\n","protected":false},"featured_media":15888,"comment_status":"closed","ping_status":"closed","template":"","meta":{"_exactmetrics_skip_tracking":false,"_exactmetrics_sitenote_active":false,"_exactmetrics_sitenote_note":"","_exactmetrics_sitenote_category":0,"_uf_show_specific_survey":0,"_uf_disable_surveys":false},"product_brand":[],"product_cat":[291],"product_tag":[1985,1987,1984,1986,1988],"class_list":{"0":"post-15887","1":"product","2":"type-product","3":"status-publish","4":"has-post-thumbnail","6":"product_cat-other","7":"product_tag-hea-lahendus-pubi-baari-kujundamiseks","8":"product_tag-large-hand-carved-wooden-figure-of-a-man-with-a-beer-cup","9":"product_tag-puidust-nikerdatud-kasitoo-mehe-kuju","10":"product_tag-vana-villemi-pubi","11":"product_tag-1988","12":"product_shipping_class-big-item-1500-3000-g","14":"first","15":"instock","16":"shipping-taxable","17":"purchasable","18":"product-type-simple"},"aioseo_notices":[],"_links":{"self":[{"href":"https:\/\/thebestantique.com\/et\/wp-json\/wp\/v2\/product\/15887","targetHints":{"allow":["GET"]}}],"collection":[{"href":"https:\/\/thebestantique.com\/et\/wp-json\/wp\/v2\/product"}],"about":[{"href":"https:\/\/thebestantique.com\/et\/wp-json\/wp\/v2\/types\/product"}],"replies":[{"embeddable":true,"href":"https:\/\/thebestantique.com\/et\/wp-json\/wp\/v2\/comments?post=15887"}],"wp:featuredmedia":[{"embeddable":true,"href":"https:\/\/thebestantique.com\/et\/wp-json\/wp\/v2\/media\/15888"}],"wp:attachment":[{"href":"https:\/\/thebestantique.com\/et\/wp-json\/wp\/v2\/media?parent=15887"}],"wp:term":[{"taxonomy":"product_brand","embeddable":true,"href":"https:\/\/thebestantique.com\/et\/wp-json\/wp\/v2\/product_brand?post=15887"},{"taxonomy":"product_cat","embeddable":true,"href":"https:\/\/thebestantique.com\/et\/wp-json\/wp\/v2\/product_cat?post=15887"},{"taxonomy":"product_tag","embeddable":true,"href":"https:\/\/thebestantique.com\/et\/wp-json\/wp\/v2\/product_tag?post=15887"}],"curies":[{"name":"wp","href":"https:\/\/api.w.org\/{rel}","templated":true}]}}