{"id":15860,"date":"2024-03-26T13:28:09","date_gmt":"2024-03-26T11:28:09","guid":{"rendered":"https:\/\/thebestantique.com\/?post_type=product&#038;p=15860"},"modified":"2024-03-26T13:28:09","modified_gmt":"2024-03-26T11:28:09","slug":"royal-copenhagen-porcelain-figurine-of-a-rabbit","status":"publish","type":"product","link":"https:\/\/thebestantique.com\/et\/product\/royal-copenhagen-porcelain-figurine-of-a-rabbit\/","title":{"rendered":"Royal Copenhagen portselanist k\u00fc\u00fcliku kujuke"},"content":{"rendered":"<p>Royal Copenhagen portselanist k\u00fc\u00fcliku kujuke. Meister by Jeanne Grut (Jeanne Grut on t\u00f6\u00f6danud Royal Copenhageni tehases alates 1959). Circa 1980 -1984.<\/p>\n<blockquote><p>M\u00f5\u00f5dud: 8.5 x 7 cm.<\/p><\/blockquote>\n<p><\/p>","protected":false},"excerpt":{"rendered":"<p>Royal Copenhagen portselanist k\u00fc\u00fcliku kujuke<\/p>\n","protected":false},"featured_media":15861,"comment_status":"closed","ping_status":"closed","template":"","meta":{"_exactmetrics_skip_tracking":false,"_exactmetrics_sitenote_active":false,"_exactmetrics_sitenote_note":"","_exactmetrics_sitenote_category":0,"_uf_show_specific_survey":0,"_uf_disable_surveys":false},"product_brand":[],"product_cat":[148],"product_tag":[1970,1968,1969,1971],"class_list":{"0":"post-15860","1":"product","2":"type-product","3":"status-publish","4":"has-post-thumbnail","6":"product_cat-porcelain-figures","7":"product_tag-royal-copenhagen-porcelain-figurine-of-a-rabbit","8":"product_tag-royal-copenhagen-portselanist-kuuliku-kujuke","9":"product_tag----royal-copenhagen","10":"product_tag-1971","11":"product_shipping_class-small-item-0-500-g","13":"first","14":"instock","15":"shipping-taxable","16":"purchasable","17":"product-type-simple"},"aioseo_notices":[],"_links":{"self":[{"href":"https:\/\/thebestantique.com\/et\/wp-json\/wp\/v2\/product\/15860","targetHints":{"allow":["GET"]}}],"collection":[{"href":"https:\/\/thebestantique.com\/et\/wp-json\/wp\/v2\/product"}],"about":[{"href":"https:\/\/thebestantique.com\/et\/wp-json\/wp\/v2\/types\/product"}],"replies":[{"embeddable":true,"href":"https:\/\/thebestantique.com\/et\/wp-json\/wp\/v2\/comments?post=15860"}],"wp:featuredmedia":[{"embeddable":true,"href":"https:\/\/thebestantique.com\/et\/wp-json\/wp\/v2\/media\/15861"}],"wp:attachment":[{"href":"https:\/\/thebestantique.com\/et\/wp-json\/wp\/v2\/media?parent=15860"}],"wp:term":[{"taxonomy":"product_brand","embeddable":true,"href":"https:\/\/thebestantique.com\/et\/wp-json\/wp\/v2\/product_brand?post=15860"},{"taxonomy":"product_cat","embeddable":true,"href":"https:\/\/thebestantique.com\/et\/wp-json\/wp\/v2\/product_cat?post=15860"},{"taxonomy":"product_tag","embeddable":true,"href":"https:\/\/thebestantique.com\/et\/wp-json\/wp\/v2\/product_tag?post=15860"}],"curies":[{"name":"wp","href":"https:\/\/api.w.org\/{rel}","templated":true}]}}