{"id":15855,"date":"2024-03-26T13:11:18","date_gmt":"2024-03-26T11:11:18","guid":{"rendered":"https:\/\/thebestantique.com\/?post_type=product&#038;p=15855"},"modified":"2025-10-11T16:44:59","modified_gmt":"2025-10-11T14:44:59","slug":"a-porcelain-figurine-of-english-bulldog-by-dahl-jensen","status":"publish","type":"product","link":"https:\/\/thebestantique.com\/et\/product\/a-porcelain-figurine-of-english-bulldog-by-dahl-jensen\/","title":{"rendered":"Inglise buldogi koera portselanist kujuke"},"content":{"rendered":"<p>Inglise buldogi koera portselanist kujuke, autor Dahl Jensen. Dahl Jenseni portselanitehas asutati 1925. aastal Kopenhaagenis, Taanis Jens Peter Dahl Jenseni poolt.<\/p>\n<p>Dahl Jensen oli Bing&amp;Gr\u00f6ndahli t\u00f6\u00f6tas meistrina aastatel 1897\u20131917.<\/p>\n<blockquote><p>M\u00f5\u00f5dud: 9.5 x 8 cm.<\/p><\/blockquote>\n<p><\/p>","protected":false},"excerpt":{"rendered":"<p>Inglise buldogi koera portselanist kujuke<\/p>\n","protected":false},"featured_media":15856,"comment_status":"closed","ping_status":"closed","template":"","meta":{"_exactmetrics_skip_tracking":false,"_exactmetrics_sitenote_active":false,"_exactmetrics_sitenote_note":"","_exactmetrics_sitenote_category":0,"_uf_show_specific_survey":0,"_uf_disable_surveys":false},"product_brand":[],"product_cat":[421],"product_tag":[1964,1965,1967,1966],"class_list":{"0":"post-15855","1":"product","2":"type-product","3":"status-publish","4":"has-post-thumbnail","6":"product_cat-sold-items","7":"product_tag-a-porcelain-figurine-of-english-bulldog-by-dahl-jensen","8":"product_tag-inglise-buldogi-koera-portselanist-kujuke","9":"product_tag-1967","10":"product_tag--dahl-jensen-","11":"product_shipping_class-small-item-0-500-g","13":"first","14":"outofstock","15":"shipping-taxable","16":"product-type-simple"},"aioseo_notices":[],"_links":{"self":[{"href":"https:\/\/thebestantique.com\/et\/wp-json\/wp\/v2\/product\/15855","targetHints":{"allow":["GET"]}}],"collection":[{"href":"https:\/\/thebestantique.com\/et\/wp-json\/wp\/v2\/product"}],"about":[{"href":"https:\/\/thebestantique.com\/et\/wp-json\/wp\/v2\/types\/product"}],"replies":[{"embeddable":true,"href":"https:\/\/thebestantique.com\/et\/wp-json\/wp\/v2\/comments?post=15855"}],"wp:featuredmedia":[{"embeddable":true,"href":"https:\/\/thebestantique.com\/et\/wp-json\/wp\/v2\/media\/15856"}],"wp:attachment":[{"href":"https:\/\/thebestantique.com\/et\/wp-json\/wp\/v2\/media?parent=15855"}],"wp:term":[{"taxonomy":"product_brand","embeddable":true,"href":"https:\/\/thebestantique.com\/et\/wp-json\/wp\/v2\/product_brand?post=15855"},{"taxonomy":"product_cat","embeddable":true,"href":"https:\/\/thebestantique.com\/et\/wp-json\/wp\/v2\/product_cat?post=15855"},{"taxonomy":"product_tag","embeddable":true,"href":"https:\/\/thebestantique.com\/et\/wp-json\/wp\/v2\/product_tag?post=15855"}],"curies":[{"name":"wp","href":"https:\/\/api.w.org\/{rel}","templated":true}]}}